{"id":9757,"date":"2026-04-14T10:40:28","date_gmt":"2026-04-14T09:40:28","guid":{"rendered":"http:\/\/paraklik.tn\/?post_type=product&#038;p=9757"},"modified":"2026-04-14T10:40:28","modified_gmt":"2026-04-14T09:40:28","slug":"fiderma-hydrafid-spray-anti-chute-cheveux-100ml","status":"publish","type":"product","link":"https:\/\/paraklik.tn\/?product=fiderma-hydrafid-spray-anti-chute-cheveux-100ml","title":{"rendered":"FIDERMA HYDRAFID Spray Anti chute cheveux 100ml"},"content":{"rendered":"<p data-start=\"24\" data-end=\"251\">HAIRFID Spray est un soin capillaire con\u00e7u pour renforcer les cheveux et am\u00e9liorer leur vitalit\u00e9 au quotidien. Sa formule l\u00e9g\u00e8re s\u2019applique facilement sur le cuir chevelu et les longueurs, sans alourdir ni graisser les cheveux.<\/p>\n<p data-start=\"253\" data-end=\"504\">Gr\u00e2ce \u00e0 ses actifs fortifiants, il aide \u00e0 stimuler la fibre capillaire, \u00e0 r\u00e9duire la fragilit\u00e9 et \u00e0 favoriser des cheveux plus r\u00e9sistants et plus sains. Il contribue \u00e9galement \u00e0 revitaliser le cuir chevelu tout en apportant une sensation de fra\u00eecheur.<\/p>\n<p data-start=\"506\" data-end=\"703\">Adapt\u00e9 \u00e0 une utilisation r\u00e9guli\u00e8re, ce spray s\u2019int\u00e8gre facilement dans une routine capillaire pour renforcer et prot\u00e9ger les cheveux. Sa texture l\u00e9g\u00e8re permet une application pratique sans rin\u00e7age.<\/p>\n<p data-start=\"705\" data-end=\"729\"><strong data-start=\"705\" data-end=\"727\">Caract\u00e9ristiques :<\/strong><\/p>\n<ul data-start=\"730\" data-end=\"913\">\n<li data-section-id=\"3psrid\" data-start=\"730\" data-end=\"760\">Soin capillaire fortifiant<\/li>\n<li data-section-id=\"mztigp\" data-start=\"761\" data-end=\"799\">Renforce et revitalise les cheveux<\/li>\n<li data-section-id=\"1ycrcrc\" data-start=\"800\" data-end=\"830\">Texture l\u00e9g\u00e8re, non grasse<\/li>\n<li data-section-id=\"ndcps8\" data-start=\"831\" data-end=\"862\">Ne n\u00e9cessite pas de rin\u00e7age<\/li>\n<li data-section-id=\"1brxn6z\" data-start=\"863\" data-end=\"893\">N\u2019alourdit pas les cheveux<\/li>\n<li data-section-id=\"1bocssd\" data-start=\"894\" data-end=\"913\">Usage quotidien<\/li>\n<\/ul>\n<p data-start=\"915\" data-end=\"1051\"><strong data-start=\"915\" data-end=\"943\">Conseils d\u2019utilisation :<\/strong><br data-start=\"943\" data-end=\"946\" \/>Vaporiser sur le cuir chevelu et\/ou les cheveux secs ou humides, puis masser d\u00e9licatement. Ne pas rincer.<\/p>\n","protected":false},"excerpt":{"rendered":"<div class=\"flex flex-col text-sm pb-25\">\n<section class=\"text-token-text-primary w-full focus:outline-none [--shadow-height:45px] has-data-writing-block:pointer-events-none has-data-writing-block:-mt-(--shadow-height) has-data-writing-block:pt-(--shadow-height) [&amp;:has([data-writing-block])&gt;*]:pointer-events-auto scroll-mt-[calc(var(--header-height)+min(200px,max(70px,20svh)))]\" dir=\"auto\" data-turn-id=\"request-WEB:2f328e51-fac9-48ce-84a3-1582d839cac1-27\" data-testid=\"conversation-turn-56\" data-scroll-anchor=\"true\" data-turn=\"assistant\">\n<div class=\"text-base my-auto mx-auto pb-10 [--thread-content-margin:var(--thread-content-margin-xs,calc(var(--spacing)*4))] @w-sm\/main:[--thread-content-margin:var(--thread-content-margin-sm,calc(var(--spacing)*6))] @w-lg\/main:[--thread-content-margin:var(--thread-content-margin-lg,calc(var(--spacing)*16))] px-(--thread-content-margin)\">\n<div class=\"[--thread-content-max-width:40rem] @w-lg\/main:[--thread-content-max-width:48rem] mx-auto max-w-(--thread-content-max-width) flex-1 group\/turn-messages focus-visible:outline-hidden relative flex w-full min-w-0 flex-col agent-turn\">\n<div class=\"flex max-w-full flex-col gap-4 grow\">\n<div class=\"min-h-8 text-message relative flex w-full flex-col items-end gap-2 text-start break-words whitespace-normal outline-none keyboard-focused:focus-ring [.text-message+&amp;]:mt-1\" dir=\"auto\" tabindex=\"0\" data-message-author-role=\"assistant\" data-message-id=\"d657c7ea-033e-456e-9658-fcfe737114df\" data-message-model-slug=\"gpt-5-3\" data-turn-start-message=\"true\">\n<div class=\"flex w-full flex-col gap-1 empty:hidden\">\n<div class=\"markdown prose dark:prose-invert w-full wrap-break-word dark markdown-new-styling\">\n<p data-start=\"1058\" data-end=\"1200\" data-is-last-node=\"\" data-is-only-node=\"\">Spray capillaire fortifiant qui renforce et revitalise les cheveux sans les alourdir. Usage quotidien sans rin\u00e7age.<\/p>\n<\/div>\n<\/div>\n<\/div>\n<\/div>\n<div class=\"z-0 flex min-h-[46px] justify-start\"><\/div>\n<div class=\"mt-3 w-full empty:hidden\">\n<div class=\"text-center\"><\/div>\n<\/div>\n<\/div>\n<\/div>\n<\/section>\n<\/div>\n<div class=\"pointer-events-none h-px w-px absolute bottom-0\" aria-hidden=\"true\" data-edge=\"true\"><\/div>\n","protected":false},"featured_media":9758,"comment_status":"open","ping_status":"closed","template":"","meta":{"inline_featured_image":false,"_monsterinsights_skip_tracking":false,"_monsterinsights_sitenote_active":false,"_monsterinsights_sitenote_note":"","_monsterinsights_sitenote_category":0},"product_brand":[400],"product_cat":[912],"product_tag":[],"class_list":{"0":"post-9757","1":"product","2":"type-product","3":"status-publish","4":"has-post-thumbnail","6":"product_brand-fiderma","7":"product_cat-capillaire","9":"first","10":"instock","11":"shipping-taxable","12":"purchasable","13":"product-type-simple"},"aioseo_notices":[],"_links":{"self":[{"href":"https:\/\/paraklik.tn\/index.php?rest_route=\/wp\/v2\/product\/9757","targetHints":{"allow":["GET"]}}],"collection":[{"href":"https:\/\/paraklik.tn\/index.php?rest_route=\/wp\/v2\/product"}],"about":[{"href":"https:\/\/paraklik.tn\/index.php?rest_route=\/wp\/v2\/types\/product"}],"replies":[{"embeddable":true,"href":"https:\/\/paraklik.tn\/index.php?rest_route=%2Fwp%2Fv2%2Fcomments&post=9757"}],"wp:featuredmedia":[{"embeddable":true,"href":"https:\/\/paraklik.tn\/index.php?rest_route=\/wp\/v2\/media\/9758"}],"wp:attachment":[{"href":"https:\/\/paraklik.tn\/index.php?rest_route=%2Fwp%2Fv2%2Fmedia&parent=9757"}],"wp:term":[{"taxonomy":"product_brand","embeddable":true,"href":"https:\/\/paraklik.tn\/index.php?rest_route=%2Fwp%2Fv2%2Fproduct_brand&post=9757"},{"taxonomy":"product_cat","embeddable":true,"href":"https:\/\/paraklik.tn\/index.php?rest_route=%2Fwp%2Fv2%2Fproduct_cat&post=9757"},{"taxonomy":"product_tag","embeddable":true,"href":"https:\/\/paraklik.tn\/index.php?rest_route=%2Fwp%2Fv2%2Fproduct_tag&post=9757"}],"curies":[{"name":"wp","href":"https:\/\/api.w.org\/{rel}","templated":true}]}}