{"id":9755,"date":"2026-04-14T10:34:23","date_gmt":"2026-04-14T09:34:23","guid":{"rendered":"http:\/\/paraklik.tn\/?post_type=product&#038;p=9755"},"modified":"2026-04-14T10:34:23","modified_gmt":"2026-04-14T09:34:23","slug":"fiderma-hydrafid-creme-hydratante-visage-peaux-seches-50ml","status":"publish","type":"product","link":"https:\/\/paraklik.tn\/?product=fiderma-hydrafid-creme-hydratante-visage-peaux-seches-50ml","title":{"rendered":"FIDERMA HYDRAFID Cr\u00e8me Hydratante Visage Peaux S\u00e8ches 50ml"},"content":{"rendered":"<p data-start=\"69\" data-end=\"294\">FIDERMA HYDRAFID Cr\u00e8me Hydratante est un soin quotidien sp\u00e9cialement formul\u00e9 pour les peaux s\u00e8ches \u00e0 tr\u00e8s s\u00e8ches du visage. Sa texture riche et confortable nourrit intens\u00e9ment la peau tout en assurant une hydratation durable.<\/p>\n<p data-start=\"296\" data-end=\"542\">Gr\u00e2ce \u00e0 ses actifs hydratants et relipidants, elle aide \u00e0 restaurer la barri\u00e8re cutan\u00e9e et \u00e0 pr\u00e9venir le dess\u00e8chement. Elle apaise les sensations de tiraillement et laisse la peau douce, souple et parfaitement hydrat\u00e9e tout au long de la journ\u00e9e.<\/p>\n<p data-start=\"544\" data-end=\"767\">Adapt\u00e9e \u00e0 une utilisation quotidienne, cette cr\u00e8me convient parfaitement aux peaux en manque de confort. Elle s\u2019int\u00e8gre facilement dans une routine de soin pour prot\u00e9ger et renforcer la peau face aux agressions ext\u00e9rieures.<\/p>\n<p data-start=\"769\" data-end=\"793\"><strong data-start=\"769\" data-end=\"791\">Caract\u00e9ristiques :<\/strong><\/p>\n<ul data-start=\"794\" data-end=\"974\">\n<li data-section-id=\"1l72m7m\" data-start=\"794\" data-end=\"832\">Cr\u00e8me hydratante pour peaux s\u00e8ches<\/li>\n<li data-section-id=\"f0rkgi\" data-start=\"833\" data-end=\"861\">Hydratation longue dur\u00e9e<\/li>\n<li data-section-id=\"1rmhb8v\" data-start=\"862\" data-end=\"892\">Nourrit et prot\u00e8ge la peau<\/li>\n<li data-section-id=\"l7rz6m\" data-start=\"893\" data-end=\"921\">Apaise les tiraillements<\/li>\n<li data-section-id=\"1dop4xg\" data-start=\"922\" data-end=\"954\">Texture riche et confortable<\/li>\n<li data-section-id=\"1bocssd\" data-start=\"955\" data-end=\"974\">Usage quotidien<\/li>\n<\/ul>\n<p data-start=\"976\" data-end=\"1112\"><strong data-start=\"976\" data-end=\"1004\">Conseils d\u2019utilisation :<\/strong><br data-start=\"1004\" data-end=\"1007\" \/>Appliquer sur le visage propre et sec, matin et\/ou soir. Masser d\u00e9licatement jusqu\u2019\u00e0 absorption compl\u00e8te.<\/p>\n","protected":false},"excerpt":{"rendered":"<div class=\"flex flex-col text-sm pb-25\">\n<section class=\"text-token-text-primary w-full focus:outline-none [--shadow-height:45px] has-data-writing-block:pointer-events-none has-data-writing-block:-mt-(--shadow-height) has-data-writing-block:pt-(--shadow-height) [&amp;:has([data-writing-block])&gt;*]:pointer-events-auto scroll-mt-[calc(var(--header-height)+min(200px,max(70px,20svh)))]\" dir=\"auto\" data-turn-id=\"request-WEB:2f328e51-fac9-48ce-84a3-1582d839cac1-26\" data-testid=\"conversation-turn-54\" data-scroll-anchor=\"true\" data-turn=\"assistant\">\n<div class=\"text-base my-auto mx-auto pb-10 [--thread-content-margin:var(--thread-content-margin-xs,calc(var(--spacing)*4))] @w-sm\/main:[--thread-content-margin:var(--thread-content-margin-sm,calc(var(--spacing)*6))] @w-lg\/main:[--thread-content-margin:var(--thread-content-margin-lg,calc(var(--spacing)*16))] px-(--thread-content-margin)\">\n<div class=\"[--thread-content-max-width:40rem] @w-lg\/main:[--thread-content-max-width:48rem] mx-auto max-w-(--thread-content-max-width) flex-1 group\/turn-messages focus-visible:outline-hidden relative flex w-full min-w-0 flex-col agent-turn\">\n<div class=\"flex max-w-full flex-col gap-4 grow\">\n<div class=\"min-h-8 text-message relative flex w-full flex-col items-end gap-2 text-start break-words whitespace-normal outline-none keyboard-focused:focus-ring [.text-message+&amp;]:mt-1\" dir=\"auto\" tabindex=\"0\" data-message-author-role=\"assistant\" data-message-id=\"ba26fe89-67f8-4fa8-828d-3064738bbd16\" data-message-model-slug=\"gpt-5-3\" data-turn-start-message=\"true\">\n<div class=\"flex w-full flex-col gap-1 empty:hidden\">\n<div class=\"markdown prose dark:prose-invert w-full wrap-break-word dark markdown-new-styling\">\n<p data-start=\"1119\" data-end=\"1231\" data-is-last-node=\"\" data-is-only-node=\"\">Cr\u00e8me hydratante pour peaux s\u00e8ches. Nourrit, apaise et hydrate durablement le visage.<\/p>\n<\/div>\n<\/div>\n<\/div>\n<\/div>\n<div class=\"z-0 flex min-h-[46px] justify-start\"><\/div>\n<div class=\"mt-3 w-full empty:hidden\">\n<div class=\"text-center\"><\/div>\n<\/div>\n<\/div>\n<\/div>\n<\/section>\n<\/div>\n<div class=\"pointer-events-none h-px w-px absolute bottom-0\" aria-hidden=\"true\" data-edge=\"true\"><\/div>\n","protected":false},"featured_media":9756,"comment_status":"open","ping_status":"closed","template":"","meta":{"inline_featured_image":false,"_monsterinsights_skip_tracking":false,"_monsterinsights_sitenote_active":false,"_monsterinsights_sitenote_note":"","_monsterinsights_sitenote_category":0},"product_brand":[400],"product_cat":[844],"product_tag":[],"class_list":{"0":"post-9755","1":"product","2":"type-product","3":"status-publish","4":"has-post-thumbnail","6":"product_brand-fiderma","7":"product_cat-visage","9":"first","10":"instock","11":"shipping-taxable","12":"purchasable","13":"product-type-simple"},"aioseo_notices":[],"_links":{"self":[{"href":"https:\/\/paraklik.tn\/index.php?rest_route=\/wp\/v2\/product\/9755","targetHints":{"allow":["GET"]}}],"collection":[{"href":"https:\/\/paraklik.tn\/index.php?rest_route=\/wp\/v2\/product"}],"about":[{"href":"https:\/\/paraklik.tn\/index.php?rest_route=\/wp\/v2\/types\/product"}],"replies":[{"embeddable":true,"href":"https:\/\/paraklik.tn\/index.php?rest_route=%2Fwp%2Fv2%2Fcomments&post=9755"}],"wp:featuredmedia":[{"embeddable":true,"href":"https:\/\/paraklik.tn\/index.php?rest_route=\/wp\/v2\/media\/9756"}],"wp:attachment":[{"href":"https:\/\/paraklik.tn\/index.php?rest_route=%2Fwp%2Fv2%2Fmedia&parent=9755"}],"wp:term":[{"taxonomy":"product_brand","embeddable":true,"href":"https:\/\/paraklik.tn\/index.php?rest_route=%2Fwp%2Fv2%2Fproduct_brand&post=9755"},{"taxonomy":"product_cat","embeddable":true,"href":"https:\/\/paraklik.tn\/index.php?rest_route=%2Fwp%2Fv2%2Fproduct_cat&post=9755"},{"taxonomy":"product_tag","embeddable":true,"href":"https:\/\/paraklik.tn\/index.php?rest_route=%2Fwp%2Fv2%2Fproduct_tag&post=9755"}],"curies":[{"name":"wp","href":"https:\/\/api.w.org\/{rel}","templated":true}]}}