{"id":9747,"date":"2026-04-14T10:27:35","date_gmt":"2026-04-14T09:27:35","guid":{"rendered":"http:\/\/paraklik.tn\/?post_type=product&#038;p=9747"},"modified":"2026-04-14T10:27:35","modified_gmt":"2026-04-14T09:27:35","slug":"fiderma-clarifid-gel-nettoyant-depigmentant-150ml","status":"publish","type":"product","link":"https:\/\/paraklik.tn\/?product=fiderma-clarifid-gel-nettoyant-depigmentant-150ml","title":{"rendered":"FIDERMA CLARIFID Gel Nettoyant D\u00e9pigmentant 150ml"},"content":{"rendered":"<p data-start=\"60\" data-end=\"309\">FIDERMA CLARIFID Gel Nettoyant D\u00e9pigmentant est un soin d\u2019hygi\u00e8ne quotidien sp\u00e9cialement formul\u00e9 pour les peaux sujettes aux taches pigmentaires et au teint irr\u00e9gulier. Sa texture gel nettoie en douceur tout en aidant \u00e0 am\u00e9liorer l\u2019\u00e9clat de la peau.<\/p>\n<p data-start=\"311\" data-end=\"553\">Gr\u00e2ce \u00e0 ses actifs \u00e9claircissants et purifiants, il contribue \u00e0 \u00e9liminer les impuret\u00e9s et l\u2019exc\u00e8s de s\u00e9bum tout en favorisant un teint plus uniforme. Il aide \u00e0 pr\u00e9parer la peau \u00e0 recevoir les soins d\u00e9pigmentants pour une efficacit\u00e9 renforc\u00e9e.<\/p>\n<p data-start=\"555\" data-end=\"773\">Adapt\u00e9 \u00e0 une utilisation quotidienne, ce gel nettoyant respecte l\u2019\u00e9quilibre cutan\u00e9 et laisse la peau propre, fra\u00eeche et lumineuse. Il convient parfaitement aux peaux ternes ou pr\u00e9sentant des irr\u00e9gularit\u00e9s pigmentaires.<\/p>\n<p data-start=\"775\" data-end=\"799\"><strong data-start=\"775\" data-end=\"797\">Caract\u00e9ristiques :<\/strong><\/p>\n<ul data-start=\"800\" data-end=\"969\">\n<li data-section-id=\"5myt2y\" data-start=\"800\" data-end=\"830\">Gel nettoyant d\u00e9pigmentant<\/li>\n<li data-section-id=\"1b8kn1i\" data-start=\"831\" data-end=\"870\">\u00c9limine impuret\u00e9s et exc\u00e8s de s\u00e9bum<\/li>\n<li data-section-id=\"1snzc68\" data-start=\"871\" data-end=\"898\">Aide \u00e0 unifier le teint<\/li>\n<li data-section-id=\"v0qmdz\" data-start=\"899\" data-end=\"919\">Illumine la peau<\/li>\n<li data-section-id=\"qy17qm\" data-start=\"920\" data-end=\"949\">Texture l\u00e9g\u00e8re et fra\u00eeche<\/li>\n<li data-section-id=\"1bocssd\" data-start=\"950\" data-end=\"969\">Usage quotidien<\/li>\n<\/ul>\n<p data-start=\"971\" data-end=\"1130\"><strong data-start=\"971\" data-end=\"999\">Conseils d\u2019utilisation :<\/strong><br data-start=\"999\" data-end=\"1002\" \/>Appliquer sur le visage humide, masser d\u00e9licatement puis rincer abondamment. Utiliser matin et soir pour de meilleurs r\u00e9sultats.<\/p>\n","protected":false},"excerpt":{"rendered":"<div class=\"flex flex-col text-sm pb-25\">\n<section class=\"text-token-text-primary w-full focus:outline-none [--shadow-height:45px] has-data-writing-block:pointer-events-none has-data-writing-block:-mt-(--shadow-height) has-data-writing-block:pt-(--shadow-height) [&amp;:has([data-writing-block])&gt;*]:pointer-events-auto scroll-mt-[calc(var(--header-height)+min(200px,max(70px,20svh)))]\" dir=\"auto\" data-turn-id=\"request-WEB:2f328e51-fac9-48ce-84a3-1582d839cac1-23\" data-testid=\"conversation-turn-48\" data-scroll-anchor=\"true\" data-turn=\"assistant\">\n<div class=\"text-base my-auto mx-auto pb-10 [--thread-content-margin:var(--thread-content-margin-xs,calc(var(--spacing)*4))] @w-sm\/main:[--thread-content-margin:var(--thread-content-margin-sm,calc(var(--spacing)*6))] @w-lg\/main:[--thread-content-margin:var(--thread-content-margin-lg,calc(var(--spacing)*16))] px-(--thread-content-margin)\">\n<div class=\"[--thread-content-max-width:40rem] @w-lg\/main:[--thread-content-max-width:48rem] mx-auto max-w-(--thread-content-max-width) flex-1 group\/turn-messages focus-visible:outline-hidden relative flex w-full min-w-0 flex-col agent-turn\">\n<div class=\"flex max-w-full flex-col gap-4 grow\">\n<div class=\"min-h-8 text-message relative flex w-full flex-col items-end gap-2 text-start break-words whitespace-normal outline-none keyboard-focused:focus-ring [.text-message+&amp;]:mt-1\" dir=\"auto\" tabindex=\"0\" data-message-author-role=\"assistant\" data-message-id=\"4702b9a9-8003-4ef7-ad02-4ae6573545b2\" data-message-model-slug=\"gpt-5-3\" data-turn-start-message=\"true\">\n<div class=\"flex w-full flex-col gap-1 empty:hidden\">\n<div class=\"markdown prose dark:prose-invert w-full wrap-break-word dark markdown-new-styling\">\n<p data-start=\"1137\" data-end=\"1253\" data-is-last-node=\"\" data-is-only-node=\"\">Gel nettoyant d\u00e9pigmentant qui nettoie, illumine et aide \u00e0 unifier le teint au quotidien.<\/p>\n<\/div>\n<\/div>\n<\/div>\n<\/div>\n<div class=\"z-0 flex min-h-[46px] justify-start\"><\/div>\n<div class=\"mt-3 w-full empty:hidden\">\n<div class=\"text-center\"><\/div>\n<\/div>\n<\/div>\n<\/div>\n<\/section>\n<\/div>\n<div class=\"pointer-events-none h-px w-px absolute bottom-0\" aria-hidden=\"true\" data-edge=\"true\"><\/div>\n","protected":false},"featured_media":9748,"comment_status":"open","ping_status":"closed","template":"","meta":{"inline_featured_image":false,"_monsterinsights_skip_tracking":false,"_monsterinsights_sitenote_active":false,"_monsterinsights_sitenote_note":"","_monsterinsights_sitenote_category":0},"product_brand":[400],"product_cat":[844],"product_tag":[],"class_list":{"0":"post-9747","1":"product","2":"type-product","3":"status-publish","4":"has-post-thumbnail","6":"product_brand-fiderma","7":"product_cat-visage","9":"first","10":"instock","11":"sale","12":"shipping-taxable","13":"purchasable","14":"product-type-simple"},"aioseo_notices":[],"_links":{"self":[{"href":"https:\/\/paraklik.tn\/index.php?rest_route=\/wp\/v2\/product\/9747","targetHints":{"allow":["GET"]}}],"collection":[{"href":"https:\/\/paraklik.tn\/index.php?rest_route=\/wp\/v2\/product"}],"about":[{"href":"https:\/\/paraklik.tn\/index.php?rest_route=\/wp\/v2\/types\/product"}],"replies":[{"embeddable":true,"href":"https:\/\/paraklik.tn\/index.php?rest_route=%2Fwp%2Fv2%2Fcomments&post=9747"}],"wp:featuredmedia":[{"embeddable":true,"href":"https:\/\/paraklik.tn\/index.php?rest_route=\/wp\/v2\/media\/9748"}],"wp:attachment":[{"href":"https:\/\/paraklik.tn\/index.php?rest_route=%2Fwp%2Fv2%2Fmedia&parent=9747"}],"wp:term":[{"taxonomy":"product_brand","embeddable":true,"href":"https:\/\/paraklik.tn\/index.php?rest_route=%2Fwp%2Fv2%2Fproduct_brand&post=9747"},{"taxonomy":"product_cat","embeddable":true,"href":"https:\/\/paraklik.tn\/index.php?rest_route=%2Fwp%2Fv2%2Fproduct_cat&post=9747"},{"taxonomy":"product_tag","embeddable":true,"href":"https:\/\/paraklik.tn\/index.php?rest_route=%2Fwp%2Fv2%2Fproduct_tag&post=9747"}],"curies":[{"name":"wp","href":"https:\/\/api.w.org\/{rel}","templated":true}]}}