{"id":9739,"date":"2026-04-14T10:17:39","date_gmt":"2026-04-14T09:17:39","guid":{"rendered":"http:\/\/paraklik.tn\/?post_type=product&#038;p=9739"},"modified":"2026-04-14T10:17:39","modified_gmt":"2026-04-14T09:17:39","slug":"fiderma-acnefid-soin-intensif-peaux-mixtes-a-grasses-50ml","status":"publish","type":"product","link":"https:\/\/paraklik.tn\/?product=fiderma-acnefid-soin-intensif-peaux-mixtes-a-grasses-50ml","title":{"rendered":"FIDERMA ACNEFID SOIN INTENSIF PEAUX MIXTES A GRASSES 50ML"},"content":{"rendered":"<p data-start=\"68\" data-end=\"310\">FIDERMA ACNEFID Soin Intensif est un traitement sp\u00e9cialement formul\u00e9 pour les peaux mixtes \u00e0 grasses sujettes aux imperfections. Sa texture l\u00e9g\u00e8re p\u00e9n\u00e8tre rapidement et agit efficacement pour purifier la peau tout en respectant son \u00e9quilibre.<\/p>\n<p data-start=\"312\" data-end=\"567\">Gr\u00e2ce \u00e0 ses actifs s\u00e9bor\u00e9gulateurs et purifiants, il aide \u00e0 r\u00e9duire l\u2019exc\u00e8s de s\u00e9bum, \u00e0 limiter l\u2019apparition des boutons et \u00e0 affiner le grain de peau. Il contribue \u00e9galement \u00e0 apaiser les irritations et \u00e0 am\u00e9liorer visiblement l\u2019aspect des imperfections.<\/p>\n<p data-start=\"569\" data-end=\"778\">Adapt\u00e9 \u00e0 une utilisation quotidienne, ce soin laisse la peau plus nette, matifi\u00e9e et \u00e9quilibr\u00e9e. Il constitue une solution id\u00e9ale pour les peaux \u00e0 tendance acn\u00e9ique recherchant un soin efficace et confortable.<\/p>\n<p data-start=\"780\" data-end=\"804\"><strong data-start=\"780\" data-end=\"802\">Caract\u00e9ristiques :<\/strong><\/p>\n<ul data-start=\"805\" data-end=\"999\">\n<li data-section-id=\"1mz04ck\" data-start=\"805\" data-end=\"841\">Soin intensif anti-imperfections<\/li>\n<li data-section-id=\"5sqt34\" data-start=\"842\" data-end=\"876\">Sp\u00e9cial peaux mixtes \u00e0 grasses<\/li>\n<li data-section-id=\"wlb3ix\" data-start=\"877\" data-end=\"904\">R\u00e9gule l\u2019exc\u00e8s de s\u00e9bum<\/li>\n<li data-section-id=\"106je4c\" data-start=\"905\" data-end=\"940\">R\u00e9duit boutons et imperfections<\/li>\n<li data-section-id=\"gfqkgh\" data-start=\"941\" data-end=\"968\">Affine le grain de peau<\/li>\n<li data-section-id=\"1ycrcrc\" data-start=\"969\" data-end=\"999\">Texture l\u00e9g\u00e8re, non grasse<\/li>\n<\/ul>\n<p data-start=\"1001\" data-end=\"1124\"><strong data-start=\"1001\" data-end=\"1029\">Conseils d\u2019utilisation :<\/strong><br data-start=\"1029\" data-end=\"1032\" \/>Appliquer sur le visage propre et sec, une \u00e0 deux fois par jour. \u00c9viter le contour des yeux.<\/p>\n","protected":false},"excerpt":{"rendered":"<div class=\"flex flex-col text-sm pb-25\">\n<section class=\"text-token-text-primary w-full focus:outline-none [--shadow-height:45px] has-data-writing-block:pointer-events-none has-data-writing-block:-mt-(--shadow-height) has-data-writing-block:pt-(--shadow-height) [&amp;:has([data-writing-block])&gt;*]:pointer-events-auto scroll-mt-[calc(var(--header-height)+min(200px,max(70px,20svh)))]\" dir=\"auto\" data-turn-id=\"request-WEB:2f328e51-fac9-48ce-84a3-1582d839cac1-20\" data-testid=\"conversation-turn-42\" data-scroll-anchor=\"true\" data-turn=\"assistant\">\n<div class=\"text-base my-auto mx-auto pb-10 [--thread-content-margin:var(--thread-content-margin-xs,calc(var(--spacing)*4))] @w-sm\/main:[--thread-content-margin:var(--thread-content-margin-sm,calc(var(--spacing)*6))] @w-lg\/main:[--thread-content-margin:var(--thread-content-margin-lg,calc(var(--spacing)*16))] px-(--thread-content-margin)\">\n<div class=\"[--thread-content-max-width:40rem] @w-lg\/main:[--thread-content-max-width:48rem] mx-auto max-w-(--thread-content-max-width) flex-1 group\/turn-messages focus-visible:outline-hidden relative flex w-full min-w-0 flex-col agent-turn\">\n<div class=\"flex max-w-full flex-col gap-4 grow\">\n<div class=\"min-h-8 text-message relative flex w-full flex-col items-end gap-2 text-start break-words whitespace-normal outline-none keyboard-focused:focus-ring [.text-message+&amp;]:mt-1\" dir=\"auto\" tabindex=\"0\" data-message-author-role=\"assistant\" data-message-id=\"4e936cf0-927a-427e-905d-8ce50f292225\" data-message-model-slug=\"gpt-5-3\" data-turn-start-message=\"true\">\n<div class=\"flex w-full flex-col gap-1 empty:hidden\">\n<div class=\"markdown prose dark:prose-invert w-full wrap-break-word dark markdown-new-styling\">\n<p data-start=\"1131\" data-end=\"1262\" data-is-last-node=\"\" data-is-only-node=\"\">Soin intensif pour peaux mixtes \u00e0 grasses. R\u00e9duit les imperfections, r\u00e9gule le s\u00e9bum et matifie la peau.<\/p>\n<\/div>\n<\/div>\n<\/div>\n<\/div>\n<div class=\"z-0 flex min-h-[46px] justify-start\"><\/div>\n<div class=\"mt-3 w-full empty:hidden\">\n<div class=\"text-center\"><\/div>\n<\/div>\n<\/div>\n<\/div>\n<\/section>\n<\/div>\n<div class=\"pointer-events-none h-px w-px absolute bottom-0\" aria-hidden=\"true\" data-edge=\"true\"><\/div>\n","protected":false},"featured_media":9741,"comment_status":"open","ping_status":"closed","template":"","meta":{"inline_featured_image":false,"_monsterinsights_skip_tracking":false,"_monsterinsights_sitenote_active":false,"_monsterinsights_sitenote_note":"","_monsterinsights_sitenote_category":0},"product_brand":[400],"product_cat":[844],"product_tag":[],"class_list":{"0":"post-9739","1":"product","2":"type-product","3":"status-publish","4":"has-post-thumbnail","6":"product_brand-fiderma","7":"product_cat-visage","9":"first","10":"instock","11":"sale","12":"shipping-taxable","13":"purchasable","14":"product-type-simple"},"aioseo_notices":[],"_links":{"self":[{"href":"https:\/\/paraklik.tn\/index.php?rest_route=\/wp\/v2\/product\/9739","targetHints":{"allow":["GET"]}}],"collection":[{"href":"https:\/\/paraklik.tn\/index.php?rest_route=\/wp\/v2\/product"}],"about":[{"href":"https:\/\/paraklik.tn\/index.php?rest_route=\/wp\/v2\/types\/product"}],"replies":[{"embeddable":true,"href":"https:\/\/paraklik.tn\/index.php?rest_route=%2Fwp%2Fv2%2Fcomments&post=9739"}],"wp:featuredmedia":[{"embeddable":true,"href":"https:\/\/paraklik.tn\/index.php?rest_route=\/wp\/v2\/media\/9741"}],"wp:attachment":[{"href":"https:\/\/paraklik.tn\/index.php?rest_route=%2Fwp%2Fv2%2Fmedia&parent=9739"}],"wp:term":[{"taxonomy":"product_brand","embeddable":true,"href":"https:\/\/paraklik.tn\/index.php?rest_route=%2Fwp%2Fv2%2Fproduct_brand&post=9739"},{"taxonomy":"product_cat","embeddable":true,"href":"https:\/\/paraklik.tn\/index.php?rest_route=%2Fwp%2Fv2%2Fproduct_cat&post=9739"},{"taxonomy":"product_tag","embeddable":true,"href":"https:\/\/paraklik.tn\/index.php?rest_route=%2Fwp%2Fv2%2Fproduct_tag&post=9739"}],"curies":[{"name":"wp","href":"https:\/\/api.w.org\/{rel}","templated":true}]}}