{"id":9735,"date":"2026-04-13T16:26:09","date_gmt":"2026-04-13T15:26:09","guid":{"rendered":"http:\/\/paraklik.tn\/?post_type=product&#038;p=9735"},"modified":"2026-04-13T16:26:09","modified_gmt":"2026-04-13T15:26:09","slug":"penta-c-creme-25ml","status":"publish","type":"product","link":"https:\/\/paraklik.tn\/?product=penta-c-creme-25ml","title":{"rendered":"PENTA C Cr\u00e8me 25ml"},"content":{"rendered":"<p data-start=\"29\" data-end=\"306\">PENTA C Cr\u00e8me est un soin dermatologique formul\u00e9 pour aider \u00e0 am\u00e9liorer l\u2019aspect des peaux sujettes aux irr\u00e9gularit\u00e9s et aux petites imperfections cutan\u00e9es. Sa texture l\u00e9g\u00e8re permet une application facile et une p\u00e9n\u00e9tration rapide, tout en respectant la sensibilit\u00e9 de la peau.<\/p>\n<p data-start=\"308\" data-end=\"571\">Gr\u00e2ce \u00e0 sa formule enrichie en actifs purifiants et r\u00e9parateurs, elle contribue \u00e0 favoriser le renouvellement cutan\u00e9 et \u00e0 am\u00e9liorer progressivement la texture de la peau. Elle aide \u00e9galement \u00e0 apaiser les zones fragilis\u00e9es et \u00e0 r\u00e9duire les sensations d\u2019inconfort.<\/p>\n<p data-start=\"573\" data-end=\"776\">Adapt\u00e9e \u00e0 une utilisation cibl\u00e9e, cette cr\u00e8me convient parfaitement aux petites zones du visage ou du corps n\u00e9cessitant un soin sp\u00e9cifique. Elle s\u2019int\u00e8gre facilement dans une routine de soin quotidienne.<\/p>\n<p data-start=\"778\" data-end=\"802\"><strong data-start=\"778\" data-end=\"800\">Caract\u00e9ristiques :<\/strong><\/p>\n<ul data-start=\"803\" data-end=\"979\">\n<li data-section-id=\"ha2994\" data-start=\"803\" data-end=\"845\">Soin cibl\u00e9 pour imperfections cutan\u00e9es<\/li>\n<li data-section-id=\"1yl0wgv\" data-start=\"846\" data-end=\"883\">Aide au renouvellement de la peau<\/li>\n<li data-section-id=\"1emmflx\" data-start=\"884\" data-end=\"916\">Texture l\u00e9g\u00e8re et non grasse<\/li>\n<li data-section-id=\"m2hmj1\" data-start=\"917\" data-end=\"939\">P\u00e9n\u00e8tre rapidement<\/li>\n<li data-section-id=\"1vtezjf\" data-start=\"940\" data-end=\"960\">Apaise et r\u00e9pare<\/li>\n<li data-section-id=\"xqx9f7\" data-start=\"961\" data-end=\"979\">Usage localis\u00e9<\/li>\n<\/ul>\n<p data-start=\"981\" data-end=\"1119\"><strong data-start=\"981\" data-end=\"1009\">Conseils d\u2019utilisation :<\/strong><br data-start=\"1009\" data-end=\"1012\" \/>Appliquer une petite quantit\u00e9 sur les zones concern\u00e9es, une \u00e0 deux fois par jour, sur peau propre et s\u00e8che.<\/p>\n","protected":false},"excerpt":{"rendered":"<div class=\"flex flex-col text-sm pb-25\">\n<section class=\"text-token-text-primary w-full focus:outline-none [--shadow-height:45px] has-data-writing-block:pointer-events-none has-data-writing-block:-mt-(--shadow-height) has-data-writing-block:pt-(--shadow-height) [&amp;:has([data-writing-block])&gt;*]:pointer-events-auto scroll-mt-[calc(var(--header-height)+min(200px,max(70px,20svh)))]\" dir=\"auto\" data-turn-id=\"request-WEB:2f328e51-fac9-48ce-84a3-1582d839cac1-18\" data-testid=\"conversation-turn-38\" data-scroll-anchor=\"true\" data-turn=\"assistant\">\n<div class=\"text-base my-auto mx-auto pb-10 [--thread-content-margin:var(--thread-content-margin-xs,calc(var(--spacing)*4))] @w-sm\/main:[--thread-content-margin:var(--thread-content-margin-sm,calc(var(--spacing)*6))] @w-lg\/main:[--thread-content-margin:var(--thread-content-margin-lg,calc(var(--spacing)*16))] px-(--thread-content-margin)\">\n<div class=\"[--thread-content-max-width:40rem] @w-lg\/main:[--thread-content-max-width:48rem] mx-auto max-w-(--thread-content-max-width) flex-1 group\/turn-messages focus-visible:outline-hidden relative flex w-full min-w-0 flex-col agent-turn\">\n<div class=\"flex max-w-full flex-col gap-4 grow\">\n<div class=\"min-h-8 text-message relative flex w-full flex-col items-end gap-2 text-start break-words whitespace-normal outline-none keyboard-focused:focus-ring [.text-message+&amp;]:mt-1\" dir=\"auto\" tabindex=\"0\" data-message-author-role=\"assistant\" data-message-id=\"11f1fd4c-2e86-4391-a3b6-13b46b0b0fd1\" data-message-model-slug=\"gpt-5-3-mini\" data-turn-start-message=\"true\">\n<div class=\"flex w-full flex-col gap-1 empty:hidden\">\n<div class=\"markdown prose dark:prose-invert w-full wrap-break-word dark markdown-new-styling\">\n<p data-start=\"1126\" data-end=\"1254\" data-is-last-node=\"\" data-is-only-node=\"\">Cr\u00e8me cibl\u00e9e pour imperfections cutan\u00e9es. Aide \u00e0 r\u00e9parer, apaiser et am\u00e9liorer la texture de la peau.<\/p>\n<\/div>\n<\/div>\n<\/div>\n<\/div>\n<div class=\"z-0 flex min-h-[46px] justify-start\"><\/div>\n<div class=\"mt-3 w-full empty:hidden\">\n<div class=\"text-center\"><\/div>\n<\/div>\n<\/div>\n<\/div>\n<\/section>\n<\/div>\n<div class=\"pointer-events-none h-px w-px absolute bottom-0\" aria-hidden=\"true\" data-edge=\"true\"><\/div>\n","protected":false},"featured_media":9736,"comment_status":"open","ping_status":"closed","template":"","meta":{"inline_featured_image":false,"_monsterinsights_skip_tracking":false,"_monsterinsights_sitenote_active":false,"_monsterinsights_sitenote_note":"","_monsterinsights_sitenote_category":0},"product_brand":[617],"product_cat":[887],"product_tag":[],"class_list":{"0":"post-9735","1":"product","2":"type-product","3":"status-publish","4":"has-post-thumbnail","6":"product_brand-pentamedical","7":"product_cat-corps","9":"first","10":"instock","11":"sale","12":"shipping-taxable","13":"purchasable","14":"product-type-simple"},"aioseo_notices":[],"_links":{"self":[{"href":"https:\/\/paraklik.tn\/index.php?rest_route=\/wp\/v2\/product\/9735","targetHints":{"allow":["GET"]}}],"collection":[{"href":"https:\/\/paraklik.tn\/index.php?rest_route=\/wp\/v2\/product"}],"about":[{"href":"https:\/\/paraklik.tn\/index.php?rest_route=\/wp\/v2\/types\/product"}],"replies":[{"embeddable":true,"href":"https:\/\/paraklik.tn\/index.php?rest_route=%2Fwp%2Fv2%2Fcomments&post=9735"}],"wp:featuredmedia":[{"embeddable":true,"href":"https:\/\/paraklik.tn\/index.php?rest_route=\/wp\/v2\/media\/9736"}],"wp:attachment":[{"href":"https:\/\/paraklik.tn\/index.php?rest_route=%2Fwp%2Fv2%2Fmedia&parent=9735"}],"wp:term":[{"taxonomy":"product_brand","embeddable":true,"href":"https:\/\/paraklik.tn\/index.php?rest_route=%2Fwp%2Fv2%2Fproduct_brand&post=9735"},{"taxonomy":"product_cat","embeddable":true,"href":"https:\/\/paraklik.tn\/index.php?rest_route=%2Fwp%2Fv2%2Fproduct_cat&post=9735"},{"taxonomy":"product_tag","embeddable":true,"href":"https:\/\/paraklik.tn\/index.php?rest_route=%2Fwp%2Fv2%2Fproduct_tag&post=9735"}],"curies":[{"name":"wp","href":"https:\/\/api.w.org\/{rel}","templated":true}]}}