{"id":9733,"date":"2026-04-13T16:23:41","date_gmt":"2026-04-13T15:23:41","guid":{"rendered":"http:\/\/paraklik.tn\/?post_type=product&#038;p=9733"},"modified":"2026-04-13T16:23:41","modified_gmt":"2026-04-13T15:23:41","slug":"nonak-mousse-nettoyante-100ml","status":"publish","type":"product","link":"https:\/\/paraklik.tn\/?product=nonak-mousse-nettoyante-100ml","title":{"rendered":"NONAK Mousse Nettoyante 100ml"},"content":{"rendered":"<p data-start=\"53\" data-end=\"329\">PENTAMEDICAL NONAK Mousse Nettoyante est un soin d\u2019hygi\u00e8ne douce con\u00e7u pour nettoyer efficacement la peau tout en respectant son \u00e9quilibre naturel. Sa texture mousse l\u00e9g\u00e8re \u00e9limine les impuret\u00e9s sans agresser la peau, offrant une sensation de fra\u00eecheur et de confort imm\u00e9diat.<\/p>\n<p data-start=\"331\" data-end=\"557\">Gr\u00e2ce \u00e0 sa formule douce et apaisante, elle aide \u00e0 pr\u00e9server l\u2019hydratation cutan\u00e9e et convient parfaitement aux peaux sensibles ou fragilis\u00e9es. Elle laisse la peau propre, douce et agr\u00e9able au toucher apr\u00e8s chaque utilisation.<\/p>\n<p data-start=\"559\" data-end=\"744\">Adapt\u00e9e \u00e0 une utilisation quotidienne sur le visage et le corps, cette mousse nettoyante est id\u00e9ale pour toute la famille. Sa texture a\u00e9rienne permet une application facile et agr\u00e9able.<\/p>\n<p data-start=\"746\" data-end=\"770\"><strong data-start=\"746\" data-end=\"768\">Caract\u00e9ristiques :<\/strong><\/p>\n<ul data-start=\"771\" data-end=\"945\">\n<li data-section-id=\"onjuvl\" data-start=\"771\" data-end=\"799\">Nettoyant doux en mousse<\/li>\n<li data-section-id=\"1qzy9aq\" data-start=\"800\" data-end=\"832\">Respecte les peaux sensibles<\/li>\n<li data-section-id=\"zaqidz\" data-start=\"833\" data-end=\"865\">\u00c9limine impuret\u00e9s et salet\u00e9s<\/li>\n<li data-section-id=\"1vu2i0\" data-start=\"866\" data-end=\"896\">Texture l\u00e9g\u00e8re et a\u00e9rienne<\/li>\n<li data-section-id=\"ykgp9l\" data-start=\"897\" data-end=\"925\">Convient visage et corps<\/li>\n<li data-section-id=\"1bocssd\" data-start=\"926\" data-end=\"945\">Usage quotidien<\/li>\n<\/ul>\n<p data-start=\"947\" data-end=\"1094\"><strong data-start=\"947\" data-end=\"975\">Conseils d\u2019utilisation :<\/strong><br data-start=\"975\" data-end=\"978\" \/>Appliquer sur peau humide, masser d\u00e9licatement puis rincer abondamment. Utiliser matin et\/ou soir selon les besoins.<\/p>\n","protected":false},"excerpt":{"rendered":"<div class=\"flex flex-col text-sm\">\n<section class=\"text-token-text-primary w-full focus:outline-none [--shadow-height:45px] has-data-writing-block:pointer-events-none has-data-writing-block:-mt-(--shadow-height) has-data-writing-block:pt-(--shadow-height) [&amp;:has([data-writing-block])&gt;*]:pointer-events-auto scroll-mt-[calc(var(--header-height)+min(200px,max(70px,20svh)))]\" dir=\"auto\" data-turn-id=\"request-WEB:2f328e51-fac9-48ce-84a3-1582d839cac1-17\" data-testid=\"conversation-turn-36\" data-scroll-anchor=\"true\" data-turn=\"assistant\">\n<div class=\"text-base my-auto mx-auto pb-10 [--thread-content-margin:var(--thread-content-margin-xs,calc(var(--spacing)*4))] @w-sm\/main:[--thread-content-margin:var(--thread-content-margin-sm,calc(var(--spacing)*6))] @w-lg\/main:[--thread-content-margin:var(--thread-content-margin-lg,calc(var(--spacing)*16))] px-(--thread-content-margin)\">\n<div class=\"[--thread-content-max-width:40rem] @w-lg\/main:[--thread-content-max-width:48rem] mx-auto max-w-(--thread-content-max-width) flex-1 group\/turn-messages focus-visible:outline-hidden relative flex w-full min-w-0 flex-col agent-turn\">\n<div class=\"flex max-w-full flex-col gap-4 grow\">\n<div class=\"min-h-8 text-message relative flex w-full flex-col items-end gap-2 text-start break-words whitespace-normal outline-none keyboard-focused:focus-ring [.text-message+&amp;]:mt-1\" dir=\"auto\" tabindex=\"0\" data-message-author-role=\"assistant\" data-message-id=\"9a9c1f5c-db36-48ba-8f90-0a3737ff3a49\" data-message-model-slug=\"gpt-5-3-mini\" data-turn-start-message=\"true\">\n<div class=\"flex w-full flex-col gap-1 empty:hidden\">\n<div class=\"markdown prose dark:prose-invert w-full wrap-break-word dark markdown-new-styling\">\n<p data-start=\"1101\" data-end=\"1239\" data-is-last-node=\"\" data-is-only-node=\"\">Mousse nettoyante douce pour peaux sensibles. Nettoie efficacement tout en respectant l\u2019hydratation de la peau.<\/p>\n<\/div>\n<\/div>\n<\/div>\n<\/div>\n<div class=\"z-0 flex min-h-[46px] justify-start\"><\/div>\n<div class=\"mt-3 w-full empty:hidden\">\n<div class=\"text-center\"><\/div>\n<\/div>\n<\/div>\n<\/div>\n<\/section>\n<\/div>\n<div class=\"pointer-events-none h-px w-px absolute bottom-0\" aria-hidden=\"true\" data-edge=\"true\"><\/div>\n","protected":false},"featured_media":9734,"comment_status":"open","ping_status":"closed","template":"","meta":{"inline_featured_image":false,"_monsterinsights_skip_tracking":false,"_monsterinsights_sitenote_active":false,"_monsterinsights_sitenote_note":"","_monsterinsights_sitenote_category":0},"product_brand":[617],"product_cat":[887],"product_tag":[],"class_list":{"0":"post-9733","1":"product","2":"type-product","3":"status-publish","4":"has-post-thumbnail","6":"product_brand-pentamedical","7":"product_cat-corps","9":"first","10":"instock","11":"shipping-taxable","12":"purchasable","13":"product-type-simple"},"aioseo_notices":[],"_links":{"self":[{"href":"https:\/\/paraklik.tn\/index.php?rest_route=\/wp\/v2\/product\/9733","targetHints":{"allow":["GET"]}}],"collection":[{"href":"https:\/\/paraklik.tn\/index.php?rest_route=\/wp\/v2\/product"}],"about":[{"href":"https:\/\/paraklik.tn\/index.php?rest_route=\/wp\/v2\/types\/product"}],"replies":[{"embeddable":true,"href":"https:\/\/paraklik.tn\/index.php?rest_route=%2Fwp%2Fv2%2Fcomments&post=9733"}],"wp:featuredmedia":[{"embeddable":true,"href":"https:\/\/paraklik.tn\/index.php?rest_route=\/wp\/v2\/media\/9734"}],"wp:attachment":[{"href":"https:\/\/paraklik.tn\/index.php?rest_route=%2Fwp%2Fv2%2Fmedia&parent=9733"}],"wp:term":[{"taxonomy":"product_brand","embeddable":true,"href":"https:\/\/paraklik.tn\/index.php?rest_route=%2Fwp%2Fv2%2Fproduct_brand&post=9733"},{"taxonomy":"product_cat","embeddable":true,"href":"https:\/\/paraklik.tn\/index.php?rest_route=%2Fwp%2Fv2%2Fproduct_cat&post=9733"},{"taxonomy":"product_tag","embeddable":true,"href":"https:\/\/paraklik.tn\/index.php?rest_route=%2Fwp%2Fv2%2Fproduct_tag&post=9733"}],"curies":[{"name":"wp","href":"https:\/\/api.w.org\/{rel}","templated":true}]}}