{"id":9725,"date":"2026-04-13T16:13:58","date_gmt":"2026-04-13T15:13:58","guid":{"rendered":"http:\/\/paraklik.tn\/?post_type=product&#038;p=9725"},"modified":"2026-04-13T16:13:58","modified_gmt":"2026-04-13T15:13:58","slug":"liperol-huile-shampooing-150ml","status":"publish","type":"product","link":"https:\/\/paraklik.tn\/?product=liperol-huile-shampooing-150ml","title":{"rendered":"Liperol Huile Shampooing 150ML"},"content":{"rendered":"<p data-start=\"69\" data-end=\"355\">Liperol Huile Shampooing est un soin lavant doux sp\u00e9cialement formul\u00e9 pour les cuirs chevelus sensibles, secs ou irrit\u00e9s. Sa texture huileuse se transforme en une mousse l\u00e9g\u00e8re au contact de l\u2019eau, permettant un nettoyage efficace tout en respectant l\u2019\u00e9quilibre naturel du cuir chevelu.<\/p>\n<p data-start=\"357\" data-end=\"591\">Gr\u00e2ce \u00e0 sa formule enrichie en agents relipidants et apaisants, il aide \u00e0 r\u00e9duire les sensations de s\u00e9cheresse, de tiraillement et d\u2019inconfort. Il contribue \u00e0 restaurer le film hydrolipidique et \u00e0 prot\u00e9ger durablement le cuir chevelu.<\/p>\n<p data-start=\"593\" data-end=\"808\">Id\u00e9al pour une utilisation fr\u00e9quente, ce shampooing convient parfaitement aux cheveux fragilis\u00e9s et aux cuirs chevelus n\u00e9cessitant un soin doux et nourrissant. Il laisse les cheveux propres, souples et confortables.<\/p>\n<p data-start=\"810\" data-end=\"834\"><strong data-start=\"810\" data-end=\"832\">Caract\u00e9ristiques :<\/strong><\/p>\n<ul data-start=\"835\" data-end=\"1028\">\n<li data-section-id=\"1vq0ufo\" data-start=\"835\" data-end=\"860\">Shampooing huile doux<\/li>\n<li data-section-id=\"1y6my5l\" data-start=\"861\" data-end=\"902\">Nettoie sans agresser le cuir chevelu<\/li>\n<li data-section-id=\"1hy1er\" data-start=\"903\" data-end=\"944\">Apaise les irritations et s\u00e9cheresses<\/li>\n<li data-section-id=\"1oca7wn\" data-start=\"945\" data-end=\"967\">Action relipidante<\/li>\n<li data-section-id=\"zanzrp\" data-start=\"968\" data-end=\"1009\">Convient aux cuirs chevelus sensibles<\/li>\n<li data-section-id=\"9biyi3\" data-start=\"1010\" data-end=\"1028\">Usage fr\u00e9quent<\/li>\n<\/ul>\n<p data-start=\"1030\" data-end=\"1188\"><strong data-start=\"1030\" data-end=\"1058\">Conseils d\u2019utilisation :<\/strong><br data-start=\"1058\" data-end=\"1061\" \/>Appliquer sur cheveux mouill\u00e9s, masser d\u00e9licatement puis rincer abondamment. Peut \u00eatre utilis\u00e9 r\u00e9guli\u00e8rement selon les besoins.<\/p>\n","protected":false},"excerpt":{"rendered":"<div class=\"flex flex-col text-sm pb-25\">\n<section class=\"text-token-text-primary w-full focus:outline-none [--shadow-height:45px] has-data-writing-block:pointer-events-none has-data-writing-block:-mt-(--shadow-height) has-data-writing-block:pt-(--shadow-height) [&amp;:has([data-writing-block])&gt;*]:pointer-events-auto scroll-mt-[calc(var(--header-height)+min(200px,max(70px,20svh)))]\" dir=\"auto\" data-turn-id=\"request-WEB:2f328e51-fac9-48ce-84a3-1582d839cac1-14\" data-testid=\"conversation-turn-30\" data-scroll-anchor=\"true\" data-turn=\"assistant\">\n<div class=\"text-base my-auto mx-auto pb-10 [--thread-content-margin:var(--thread-content-margin-xs,calc(var(--spacing)*4))] @w-sm\/main:[--thread-content-margin:var(--thread-content-margin-sm,calc(var(--spacing)*6))] @w-lg\/main:[--thread-content-margin:var(--thread-content-margin-lg,calc(var(--spacing)*16))] px-(--thread-content-margin)\">\n<div class=\"[--thread-content-max-width:40rem] @w-lg\/main:[--thread-content-max-width:48rem] mx-auto max-w-(--thread-content-max-width) flex-1 group\/turn-messages focus-visible:outline-hidden relative flex w-full min-w-0 flex-col agent-turn\">\n<div class=\"flex max-w-full flex-col gap-4 grow\">\n<div class=\"min-h-8 text-message relative flex w-full flex-col items-end gap-2 text-start break-words whitespace-normal outline-none keyboard-focused:focus-ring [.text-message+&amp;]:mt-1\" dir=\"auto\" tabindex=\"0\" data-message-author-role=\"assistant\" data-message-id=\"1acbaded-6940-46f7-a71f-d0c815174cb9\" data-message-model-slug=\"gpt-5-3-mini\" data-turn-start-message=\"true\">\n<div class=\"flex w-full flex-col gap-1 empty:hidden\">\n<div class=\"markdown prose dark:prose-invert w-full wrap-break-word dark markdown-new-styling\">\n<p data-start=\"1195\" data-end=\"1318\" data-is-last-node=\"\" data-is-only-node=\"\">Shampooing huile doux pour cuirs chevelus sensibles. Nettoie, nourrit et apaise les irritations.<\/p>\n<\/div>\n<\/div>\n<\/div>\n<\/div>\n<div class=\"z-0 flex min-h-[46px] justify-start\"><\/div>\n<div class=\"mt-3 w-full empty:hidden\">\n<div class=\"text-center\"><\/div>\n<\/div>\n<\/div>\n<\/div>\n<\/section>\n<\/div>\n<div class=\"pointer-events-none h-px w-px absolute bottom-0\" aria-hidden=\"true\" data-edge=\"true\"><\/div>\n","protected":false},"featured_media":9726,"comment_status":"open","ping_status":"closed","template":"","meta":{"inline_featured_image":false,"_monsterinsights_skip_tracking":false,"_monsterinsights_sitenote_active":false,"_monsterinsights_sitenote_note":"","_monsterinsights_sitenote_category":0},"product_brand":[617],"product_cat":[912],"product_tag":[],"class_list":{"0":"post-9725","1":"product","2":"type-product","3":"status-publish","4":"has-post-thumbnail","6":"product_brand-pentamedical","7":"product_cat-capillaire","9":"first","10":"instock","11":"shipping-taxable","12":"purchasable","13":"product-type-simple"},"aioseo_notices":[],"_links":{"self":[{"href":"https:\/\/paraklik.tn\/index.php?rest_route=\/wp\/v2\/product\/9725","targetHints":{"allow":["GET"]}}],"collection":[{"href":"https:\/\/paraklik.tn\/index.php?rest_route=\/wp\/v2\/product"}],"about":[{"href":"https:\/\/paraklik.tn\/index.php?rest_route=\/wp\/v2\/types\/product"}],"replies":[{"embeddable":true,"href":"https:\/\/paraklik.tn\/index.php?rest_route=%2Fwp%2Fv2%2Fcomments&post=9725"}],"wp:featuredmedia":[{"embeddable":true,"href":"https:\/\/paraklik.tn\/index.php?rest_route=\/wp\/v2\/media\/9726"}],"wp:attachment":[{"href":"https:\/\/paraklik.tn\/index.php?rest_route=%2Fwp%2Fv2%2Fmedia&parent=9725"}],"wp:term":[{"taxonomy":"product_brand","embeddable":true,"href":"https:\/\/paraklik.tn\/index.php?rest_route=%2Fwp%2Fv2%2Fproduct_brand&post=9725"},{"taxonomy":"product_cat","embeddable":true,"href":"https:\/\/paraklik.tn\/index.php?rest_route=%2Fwp%2Fv2%2Fproduct_cat&post=9725"},{"taxonomy":"product_tag","embeddable":true,"href":"https:\/\/paraklik.tn\/index.php?rest_route=%2Fwp%2Fv2%2Fproduct_tag&post=9725"}],"curies":[{"name":"wp","href":"https:\/\/api.w.org\/{rel}","templated":true}]}}