{"id":9723,"date":"2026-04-13T16:12:16","date_gmt":"2026-04-13T15:12:16","guid":{"rendered":"http:\/\/paraklik.tn\/?post_type=product&#038;p=9723"},"modified":"2026-04-13T16:12:52","modified_gmt":"2026-04-13T15:12:52","slug":"liperol-plus-shampooing-150ml","status":"publish","type":"product","link":"https:\/\/paraklik.tn\/?product=liperol-plus-shampooing-150ml","title":{"rendered":"Liperol Plus Shampooing 150ML"},"content":{"rendered":"<p data-start=\"68\" data-end=\"334\">Liperol Plus Shampooing est un soin doux sp\u00e9cialement formul\u00e9 pour l\u2019hygi\u00e8ne quotidienne des cuirs chevelus sensibles, irrit\u00e9s ou sujets aux d\u00e9s\u00e9quilibres. Sa base lavante douce nettoie efficacement les cheveux tout en respectant l\u2019\u00e9quilibre naturel du cuir chevelu.<\/p>\n<p data-start=\"336\" data-end=\"588\">Gr\u00e2ce \u00e0 sa formule enrichie en agents apaisants et hydratants, il aide \u00e0 r\u00e9duire les sensations d\u2019inconfort, de d\u00e9mangeaisons et de s\u00e9cheresse. Il contribue \u00e0 restaurer le confort du cuir chevelu tout en laissant les cheveux propres, souples et l\u00e9gers.<\/p>\n<p data-start=\"590\" data-end=\"830\">Adapt\u00e9 \u00e0 une utilisation fr\u00e9quente, ce shampooing convient parfaitement aux cuirs chevelus fragilis\u00e9s et peut \u00eatre utilis\u00e9 en compl\u00e9ment d\u2019un traitement dermatologique. Sa texture agr\u00e9able permet une application facile et un rin\u00e7age rapide.<\/p>\n<p data-start=\"832\" data-end=\"856\"><strong data-start=\"832\" data-end=\"854\">Caract\u00e9ristiques :<\/strong><\/p>\n<ul data-start=\"857\" data-end=\"1053\">\n<li data-section-id=\"s9j1bd\" data-start=\"857\" data-end=\"887\">Nettoyage doux et efficace<\/li>\n<li data-section-id=\"1v6w13i\" data-start=\"888\" data-end=\"927\">Apaise les cuirs chevelus sensibles<\/li>\n<li data-section-id=\"15xhu4w\" data-start=\"928\" data-end=\"967\">R\u00e9duit d\u00e9mangeaisons et irritations<\/li>\n<li data-section-id=\"8efra5\" data-start=\"968\" data-end=\"990\">Hydrate et prot\u00e8ge<\/li>\n<li data-section-id=\"1htymia\" data-start=\"991\" data-end=\"1023\">Convient \u00e0 un usage fr\u00e9quent<\/li>\n<li data-section-id=\"6dr4jt\" data-start=\"1024\" data-end=\"1053\">Texture douce et agr\u00e9able<\/li>\n<\/ul>\n<p data-start=\"1055\" data-end=\"1204\"><strong data-start=\"1055\" data-end=\"1083\">Conseils d\u2019utilisation :<\/strong><br data-start=\"1083\" data-end=\"1086\" \/>Appliquer sur cheveux mouill\u00e9s, masser d\u00e9licatement le cuir chevelu puis rincer abondamment. Renouveler si n\u00e9cessaire.<\/p>\n","protected":false},"excerpt":{"rendered":"<div class=\"flex flex-col text-sm pb-25\">\n<section class=\"text-token-text-primary w-full focus:outline-none [--shadow-height:45px] has-data-writing-block:pointer-events-none has-data-writing-block:-mt-(--shadow-height) has-data-writing-block:pt-(--shadow-height) [&amp;:has([data-writing-block])&gt;*]:pointer-events-auto scroll-mt-[calc(var(--header-height)+min(200px,max(70px,20svh)))]\" dir=\"auto\" data-turn-id=\"request-WEB:2f328e51-fac9-48ce-84a3-1582d839cac1-13\" data-testid=\"conversation-turn-28\" data-scroll-anchor=\"true\" data-turn=\"assistant\">\n<div class=\"text-base my-auto mx-auto pb-10 [--thread-content-margin:var(--thread-content-margin-xs,calc(var(--spacing)*4))] @w-sm\/main:[--thread-content-margin:var(--thread-content-margin-sm,calc(var(--spacing)*6))] @w-lg\/main:[--thread-content-margin:var(--thread-content-margin-lg,calc(var(--spacing)*16))] px-(--thread-content-margin)\">\n<div class=\"[--thread-content-max-width:40rem] @w-lg\/main:[--thread-content-max-width:48rem] mx-auto max-w-(--thread-content-max-width) flex-1 group\/turn-messages focus-visible:outline-hidden relative flex w-full min-w-0 flex-col agent-turn\">\n<div class=\"flex max-w-full flex-col gap-4 grow\">\n<div class=\"min-h-8 text-message relative flex w-full flex-col items-end gap-2 text-start break-words whitespace-normal outline-none keyboard-focused:focus-ring [.text-message+&amp;]:mt-1\" dir=\"auto\" tabindex=\"0\" data-message-author-role=\"assistant\" data-message-id=\"52cc9bf6-260d-4ff7-8384-79d8e1ce5c5a\" data-message-model-slug=\"gpt-5-3-mini\" data-turn-start-message=\"true\">\n<div class=\"flex w-full flex-col gap-1 empty:hidden\">\n<div class=\"markdown prose dark:prose-invert w-full wrap-break-word dark markdown-new-styling\">\n<p data-start=\"1211\" data-end=\"1340\" data-is-last-node=\"\" data-is-only-node=\"\">Shampooing doux pour cuirs chevelus sensibles. Nettoie, apaise et r\u00e9duit les irritations au quotidien.<\/p>\n<\/div>\n<\/div>\n<\/div>\n<\/div>\n<div class=\"z-0 flex min-h-[46px] justify-start\"><\/div>\n<div class=\"mt-3 w-full empty:hidden\">\n<div class=\"text-center\"><\/div>\n<\/div>\n<\/div>\n<\/div>\n<\/section>\n<\/div>\n<div class=\"pointer-events-none h-px w-px absolute bottom-0\" aria-hidden=\"true\" data-edge=\"true\"><\/div>\n","protected":false},"featured_media":9724,"comment_status":"open","ping_status":"closed","template":"","meta":{"inline_featured_image":false,"_monsterinsights_skip_tracking":false,"_monsterinsights_sitenote_active":false,"_monsterinsights_sitenote_note":"","_monsterinsights_sitenote_category":0},"product_brand":[617],"product_cat":[912],"product_tag":[],"class_list":{"0":"post-9723","1":"product","2":"type-product","3":"status-publish","4":"has-post-thumbnail","6":"product_brand-pentamedical","7":"product_cat-capillaire","9":"first","10":"instock","11":"shipping-taxable","12":"purchasable","13":"product-type-simple"},"aioseo_notices":[],"_links":{"self":[{"href":"https:\/\/paraklik.tn\/index.php?rest_route=\/wp\/v2\/product\/9723","targetHints":{"allow":["GET"]}}],"collection":[{"href":"https:\/\/paraklik.tn\/index.php?rest_route=\/wp\/v2\/product"}],"about":[{"href":"https:\/\/paraklik.tn\/index.php?rest_route=\/wp\/v2\/types\/product"}],"replies":[{"embeddable":true,"href":"https:\/\/paraklik.tn\/index.php?rest_route=%2Fwp%2Fv2%2Fcomments&post=9723"}],"wp:featuredmedia":[{"embeddable":true,"href":"https:\/\/paraklik.tn\/index.php?rest_route=\/wp\/v2\/media\/9724"}],"wp:attachment":[{"href":"https:\/\/paraklik.tn\/index.php?rest_route=%2Fwp%2Fv2%2Fmedia&parent=9723"}],"wp:term":[{"taxonomy":"product_brand","embeddable":true,"href":"https:\/\/paraklik.tn\/index.php?rest_route=%2Fwp%2Fv2%2Fproduct_brand&post=9723"},{"taxonomy":"product_cat","embeddable":true,"href":"https:\/\/paraklik.tn\/index.php?rest_route=%2Fwp%2Fv2%2Fproduct_cat&post=9723"},{"taxonomy":"product_tag","embeddable":true,"href":"https:\/\/paraklik.tn\/index.php?rest_route=%2Fwp%2Fv2%2Fproduct_tag&post=9723"}],"curies":[{"name":"wp","href":"https:\/\/api.w.org\/{rel}","templated":true}]}}