{"id":9721,"date":"2026-04-13T16:10:28","date_gmt":"2026-04-13T15:10:28","guid":{"rendered":"http:\/\/paraklik.tn\/?post_type=product&#038;p=9721"},"modified":"2026-04-13T16:10:28","modified_gmt":"2026-04-13T15:10:28","slug":"pentamedical-dekar-2-shampooing-anti-poux-125ml","status":"publish","type":"product","link":"https:\/\/paraklik.tn\/?product=pentamedical-dekar-2-shampooing-anti-poux-125ml","title":{"rendered":"PENTAMEDICAL Dekar 2 Shampooing Anti Poux 125ML"},"content":{"rendered":"<p data-start=\"86\" data-end=\"328\">PENTAMEDICAL Dekar 2 Shampooing Anti-Poux est un soin sp\u00e9cialement formul\u00e9 pour \u00e9liminer les poux et lentes tout en respectant le cuir chevelu. Sa formule agit efficacement d\u00e8s l\u2019application pour aider \u00e0 d\u00e9barrasser les cheveux des parasites.<\/p>\n<p data-start=\"330\" data-end=\"581\">Gr\u00e2ce \u00e0 son action cibl\u00e9e, il permet de traiter rapidement les infestations de poux tout en facilitant leur \u00e9limination m\u00e9canique lors du rin\u00e7age et du peignage. Il contribue \u00e9galement \u00e0 apaiser le cuir chevelu et \u00e0 limiter les sensations d\u2019inconfort.<\/p>\n<p data-start=\"583\" data-end=\"801\">Facile \u00e0 utiliser, ce shampooing convient aux enfants comme aux adultes et peut \u00eatre int\u00e9gr\u00e9 dans une routine de traitement anti-poux. Sa texture agr\u00e9able assure une application homog\u00e8ne sur l\u2019ensemble de la chevelure.<\/p>\n<p data-start=\"803\" data-end=\"827\"><strong data-start=\"803\" data-end=\"825\">Caract\u00e9ristiques :<\/strong><\/p>\n<ul data-start=\"828\" data-end=\"1003\">\n<li data-section-id=\"1hn8m8d\" data-start=\"828\" data-end=\"854\">\u00c9limine poux et lentes<\/li>\n<li data-section-id=\"9z866c\" data-start=\"855\" data-end=\"884\">Action rapide et efficace<\/li>\n<li data-section-id=\"lvrz6v\" data-start=\"885\" data-end=\"918\">Adapt\u00e9 aux enfants et adultes<\/li>\n<li data-section-id=\"quspt7\" data-start=\"919\" data-end=\"947\">Respecte le cuir chevelu<\/li>\n<li data-section-id=\"3dnz7v\" data-start=\"948\" data-end=\"982\">Facile \u00e0 appliquer et \u00e0 rincer<\/li>\n<li data-section-id=\"1ag2874\" data-start=\"983\" data-end=\"1003\">Texture agr\u00e9able<\/li>\n<\/ul>\n<p data-start=\"1005\" data-end=\"1237\"><strong data-start=\"1005\" data-end=\"1033\">Conseils d\u2019utilisation :<\/strong><br data-start=\"1033\" data-end=\"1036\" \/>Appliquer sur cheveux mouill\u00e9s, masser soigneusement puis laisser agir selon les instructions du produit. Rincer abondamment et utiliser un peigne fin pour retirer les lentes. Renouveler si n\u00e9cessaire.<\/p>\n","protected":false},"excerpt":{"rendered":"<div class=\"flex flex-col text-sm pb-25\">\n<section class=\"text-token-text-primary w-full focus:outline-none [--shadow-height:45px] has-data-writing-block:pointer-events-none has-data-writing-block:-mt-(--shadow-height) has-data-writing-block:pt-(--shadow-height) [&amp;:has([data-writing-block])&gt;*]:pointer-events-auto scroll-mt-[calc(var(--header-height)+min(200px,max(70px,20svh)))]\" dir=\"auto\" data-turn-id=\"request-WEB:2f328e51-fac9-48ce-84a3-1582d839cac1-12\" data-testid=\"conversation-turn-26\" data-scroll-anchor=\"true\" data-turn=\"assistant\">\n<div class=\"text-base my-auto mx-auto pb-10 [--thread-content-margin:var(--thread-content-margin-xs,calc(var(--spacing)*4))] @w-sm\/main:[--thread-content-margin:var(--thread-content-margin-sm,calc(var(--spacing)*6))] @w-lg\/main:[--thread-content-margin:var(--thread-content-margin-lg,calc(var(--spacing)*16))] px-(--thread-content-margin)\">\n<div class=\"[--thread-content-max-width:40rem] @w-lg\/main:[--thread-content-max-width:48rem] mx-auto max-w-(--thread-content-max-width) flex-1 group\/turn-messages focus-visible:outline-hidden relative flex w-full min-w-0 flex-col agent-turn\">\n<div class=\"flex max-w-full flex-col gap-4 grow\">\n<div class=\"min-h-8 text-message relative flex w-full flex-col items-end gap-2 text-start break-words whitespace-normal outline-none keyboard-focused:focus-ring [.text-message+&amp;]:mt-1\" dir=\"auto\" tabindex=\"0\" data-message-author-role=\"assistant\" data-message-id=\"17a2862a-2a86-4150-899d-e16539363281\" data-message-model-slug=\"gpt-5-3-mini\" data-turn-start-message=\"true\">\n<div class=\"flex w-full flex-col gap-1 empty:hidden\">\n<div class=\"markdown prose dark:prose-invert w-full wrap-break-word dark markdown-new-styling\">\n<p data-start=\"1244\" data-end=\"1367\" data-is-last-node=\"\" data-is-only-node=\"\">Shampooing anti-poux qui \u00e9limine poux et lentes efficacement tout en respectant le cuir chevelu.<\/p>\n<\/div>\n<\/div>\n<\/div>\n<\/div>\n<div class=\"z-0 flex min-h-[46px] justify-start\"><\/div>\n<div class=\"mt-3 w-full empty:hidden\">\n<div class=\"text-center\"><\/div>\n<\/div>\n<\/div>\n<\/div>\n<\/section>\n<\/div>\n<div class=\"pointer-events-none h-px w-px absolute bottom-0\" aria-hidden=\"true\" data-edge=\"true\"><\/div>\n","protected":false},"featured_media":9722,"comment_status":"open","ping_status":"closed","template":"","meta":{"inline_featured_image":false,"_monsterinsights_skip_tracking":false,"_monsterinsights_sitenote_active":false,"_monsterinsights_sitenote_note":"","_monsterinsights_sitenote_category":0},"product_brand":[617],"product_cat":[912],"product_tag":[],"class_list":{"0":"post-9721","1":"product","2":"type-product","3":"status-publish","4":"has-post-thumbnail","6":"product_brand-pentamedical","7":"product_cat-capillaire","9":"first","10":"instock","11":"sale","12":"shipping-taxable","13":"purchasable","14":"product-type-simple"},"aioseo_notices":[],"_links":{"self":[{"href":"https:\/\/paraklik.tn\/index.php?rest_route=\/wp\/v2\/product\/9721","targetHints":{"allow":["GET"]}}],"collection":[{"href":"https:\/\/paraklik.tn\/index.php?rest_route=\/wp\/v2\/product"}],"about":[{"href":"https:\/\/paraklik.tn\/index.php?rest_route=\/wp\/v2\/types\/product"}],"replies":[{"embeddable":true,"href":"https:\/\/paraklik.tn\/index.php?rest_route=%2Fwp%2Fv2%2Fcomments&post=9721"}],"wp:featuredmedia":[{"embeddable":true,"href":"https:\/\/paraklik.tn\/index.php?rest_route=\/wp\/v2\/media\/9722"}],"wp:attachment":[{"href":"https:\/\/paraklik.tn\/index.php?rest_route=%2Fwp%2Fv2%2Fmedia&parent=9721"}],"wp:term":[{"taxonomy":"product_brand","embeddable":true,"href":"https:\/\/paraklik.tn\/index.php?rest_route=%2Fwp%2Fv2%2Fproduct_brand&post=9721"},{"taxonomy":"product_cat","embeddable":true,"href":"https:\/\/paraklik.tn\/index.php?rest_route=%2Fwp%2Fv2%2Fproduct_cat&post=9721"},{"taxonomy":"product_tag","embeddable":true,"href":"https:\/\/paraklik.tn\/index.php?rest_route=%2Fwp%2Fv2%2Fproduct_tag&post=9721"}],"curies":[{"name":"wp","href":"https:\/\/api.w.org\/{rel}","templated":true}]}}