{"id":9719,"date":"2026-04-13T16:08:19","date_gmt":"2026-04-13T15:08:19","guid":{"rendered":"http:\/\/paraklik.tn\/?post_type=product&#038;p=9719"},"modified":"2026-04-13T16:08:19","modified_gmt":"2026-04-13T15:08:19","slug":"brunex-creme-depigmentante-30ml","status":"publish","type":"product","link":"https:\/\/paraklik.tn\/?product=brunex-creme-depigmentante-30ml","title":{"rendered":"Brunex Creme Depigmentante 30ML"},"content":{"rendered":"<p data-start=\"70\" data-end=\"316\">Brunex Cr\u00e8me D\u00e9pigmentante est un soin cibl\u00e9 con\u00e7u pour aider \u00e0 r\u00e9duire l\u2019apparence des taches pigmentaires et \u00e0 unifier le teint. Sa formule agit progressivement sur les zones hyperpigment\u00e9es afin d\u2019am\u00e9liorer l\u2019\u00e9clat et l\u2019homog\u00e9n\u00e9it\u00e9 de la peau.<\/p>\n<p data-start=\"318\" data-end=\"547\">Gr\u00e2ce \u00e0 ses actifs d\u00e9pigmentants, elle aide \u00e0 att\u00e9nuer les taches brunes li\u00e9es au soleil, au vieillissement cutan\u00e9 ou aux d\u00e9s\u00e9quilibres pigmentaires. Elle favorise un teint plus uniforme tout en respectant l\u2019\u00e9quilibre de la peau.<\/p>\n<p data-start=\"549\" data-end=\"760\">Sa texture l\u00e9g\u00e8re p\u00e9n\u00e8tre facilement sans laisser de film gras, ce qui permet une utilisation quotidienne confortable. Elle convient pour une application localis\u00e9e sur les zones concern\u00e9es du visage ou du corps.<\/p>\n<p data-start=\"762\" data-end=\"786\"><strong data-start=\"762\" data-end=\"784\">Caract\u00e9ristiques :<\/strong><\/p>\n<ul data-start=\"787\" data-end=\"1000\">\n<li data-section-id=\"1u9kw93\" data-start=\"787\" data-end=\"829\">Aide \u00e0 r\u00e9duire les taches pigmentaires<\/li>\n<li data-section-id=\"hbz8q0\" data-start=\"830\" data-end=\"862\">Unifie et \u00e9claircit le teint<\/li>\n<li data-section-id=\"fvlhg8\" data-start=\"863\" data-end=\"910\">Action cibl\u00e9e sur les zones hyperpigment\u00e9es<\/li>\n<li data-section-id=\"1emmflx\" data-start=\"911\" data-end=\"943\">Texture l\u00e9g\u00e8re et non grasse<\/li>\n<li data-section-id=\"phi9l3\" data-start=\"944\" data-end=\"977\">Convient pour usage quotidien<\/li>\n<li data-section-id=\"1aekoai\" data-start=\"978\" data-end=\"1000\">Application locale<\/li>\n<\/ul>\n<p data-start=\"1002\" data-end=\"1184\"><strong data-start=\"1002\" data-end=\"1030\">Conseils d\u2019utilisation :<\/strong><br data-start=\"1030\" data-end=\"1033\" \/>Appliquer une petite quantit\u00e9 sur les zones concern\u00e9es, une \u00e0 deux fois par jour, sur peau propre et s\u00e8che. Utiliser une protection solaire en journ\u00e9e.<\/p>\n","protected":false},"excerpt":{"rendered":"<div class=\"flex flex-col text-sm pb-25\">\n<section class=\"text-token-text-primary w-full focus:outline-none [--shadow-height:45px] has-data-writing-block:pointer-events-none has-data-writing-block:-mt-(--shadow-height) has-data-writing-block:pt-(--shadow-height) [&amp;:has([data-writing-block])&gt;*]:pointer-events-auto scroll-mt-[calc(var(--header-height)+min(200px,max(70px,20svh)))]\" dir=\"auto\" data-turn-id=\"request-WEB:2f328e51-fac9-48ce-84a3-1582d839cac1-11\" data-testid=\"conversation-turn-24\" data-scroll-anchor=\"true\" data-turn=\"assistant\">\n<div class=\"text-base my-auto mx-auto pb-10 [--thread-content-margin:var(--thread-content-margin-xs,calc(var(--spacing)*4))] @w-sm\/main:[--thread-content-margin:var(--thread-content-margin-sm,calc(var(--spacing)*6))] @w-lg\/main:[--thread-content-margin:var(--thread-content-margin-lg,calc(var(--spacing)*16))] px-(--thread-content-margin)\">\n<div class=\"[--thread-content-max-width:40rem] @w-lg\/main:[--thread-content-max-width:48rem] mx-auto max-w-(--thread-content-max-width) flex-1 group\/turn-messages focus-visible:outline-hidden relative flex w-full min-w-0 flex-col agent-turn\">\n<div class=\"flex max-w-full flex-col gap-4 grow\">\n<div class=\"min-h-8 text-message relative flex w-full flex-col items-end gap-2 text-start break-words whitespace-normal outline-none keyboard-focused:focus-ring [.text-message+&amp;]:mt-1\" dir=\"auto\" tabindex=\"0\" data-message-author-role=\"assistant\" data-message-id=\"4984181b-2d7f-42c2-a898-e19b5924d2f1\" data-message-model-slug=\"gpt-5-3-mini\" data-turn-start-message=\"true\">\n<div class=\"flex w-full flex-col gap-1 empty:hidden\">\n<div class=\"markdown prose dark:prose-invert w-full wrap-break-word dark markdown-new-styling\">\n<p data-start=\"1191\" data-end=\"1334\" data-is-last-node=\"\" data-is-only-node=\"\">Cr\u00e8me d\u00e9pigmentante qui aide \u00e0 r\u00e9duire les taches brunes et \u00e0 unifier le teint. Texture l\u00e9g\u00e8re pour usage quotidien.<\/p>\n<\/div>\n<\/div>\n<\/div>\n<\/div>\n<div class=\"z-0 flex min-h-[46px] justify-start\"><\/div>\n<div class=\"mt-3 w-full empty:hidden\">\n<div class=\"text-center\"><\/div>\n<\/div>\n<\/div>\n<\/div>\n<\/section>\n<\/div>\n<div class=\"pointer-events-none h-px w-px absolute bottom-0\" aria-hidden=\"true\" data-edge=\"true\"><\/div>\n","protected":false},"featured_media":9720,"comment_status":"open","ping_status":"closed","template":"","meta":{"inline_featured_image":false,"_monsterinsights_skip_tracking":false,"_monsterinsights_sitenote_active":false,"_monsterinsights_sitenote_note":"","_monsterinsights_sitenote_category":0},"product_brand":[617],"product_cat":[887],"product_tag":[],"class_list":{"0":"post-9719","1":"product","2":"type-product","3":"status-publish","4":"has-post-thumbnail","6":"product_brand-pentamedical","7":"product_cat-corps","9":"first","10":"instock","11":"sale","12":"shipping-taxable","13":"purchasable","14":"product-type-simple"},"aioseo_notices":[],"_links":{"self":[{"href":"https:\/\/paraklik.tn\/index.php?rest_route=\/wp\/v2\/product\/9719","targetHints":{"allow":["GET"]}}],"collection":[{"href":"https:\/\/paraklik.tn\/index.php?rest_route=\/wp\/v2\/product"}],"about":[{"href":"https:\/\/paraklik.tn\/index.php?rest_route=\/wp\/v2\/types\/product"}],"replies":[{"embeddable":true,"href":"https:\/\/paraklik.tn\/index.php?rest_route=%2Fwp%2Fv2%2Fcomments&post=9719"}],"wp:featuredmedia":[{"embeddable":true,"href":"https:\/\/paraklik.tn\/index.php?rest_route=\/wp\/v2\/media\/9720"}],"wp:attachment":[{"href":"https:\/\/paraklik.tn\/index.php?rest_route=%2Fwp%2Fv2%2Fmedia&parent=9719"}],"wp:term":[{"taxonomy":"product_brand","embeddable":true,"href":"https:\/\/paraklik.tn\/index.php?rest_route=%2Fwp%2Fv2%2Fproduct_brand&post=9719"},{"taxonomy":"product_cat","embeddable":true,"href":"https:\/\/paraklik.tn\/index.php?rest_route=%2Fwp%2Fv2%2Fproduct_cat&post=9719"},{"taxonomy":"product_tag","embeddable":true,"href":"https:\/\/paraklik.tn\/index.php?rest_route=%2Fwp%2Fv2%2Fproduct_tag&post=9719"}],"curies":[{"name":"wp","href":"https:\/\/api.w.org\/{rel}","templated":true}]}}