{"id":9715,"date":"2026-04-13T16:01:35","date_gmt":"2026-04-13T15:01:35","guid":{"rendered":"http:\/\/paraklik.tn\/?post_type=product&#038;p=9715"},"modified":"2026-04-13T16:01:35","modified_gmt":"2026-04-13T15:01:35","slug":"penta-u30-emulsion-uree-30-100ml","status":"publish","type":"product","link":"https:\/\/paraklik.tn\/?product=penta-u30-emulsion-uree-30-100ml","title":{"rendered":"PENTA U30 EMULSION UREE 30% 100ML"},"content":{"rendered":"<p data-start=\"72\" data-end=\"332\">PENTA U30 \u00c9mulsion est un soin intensif formul\u00e9 pour les peaux tr\u00e8s s\u00e8ches, rugueuses ou sujettes aux squames. Sa texture fluide et l\u00e9g\u00e8re permet une application facile et une p\u00e9n\u00e9tration rapide, tout en offrant une action hydratante et lissante en profondeur.<\/p>\n<p data-start=\"334\" data-end=\"618\">Gr\u00e2ce \u00e0 sa concentration en ur\u00e9e \u00e0 30%, elle favorise l\u2019\u00e9limination des cellules mortes et aide \u00e0 r\u00e9duire les rugosit\u00e9s et les zones \u00e9paissies. Elle contribue \u00e0 restaurer la barri\u00e8re cutan\u00e9e et \u00e0 am\u00e9liorer visiblement la texture de la peau, la laissant plus douce, souple et uniforme.<\/p>\n<p data-start=\"620\" data-end=\"861\">Adapt\u00e9e pour une utilisation sur de larges zones du corps, cette \u00e9mulsion est id\u00e9ale pour les peaux n\u00e9cessitant un soin intensif mais confortable au quotidien. Elle convient parfaitement aux zones s\u00e8ches comme les jambes, les bras ou le dos.<\/p>\n<p data-start=\"863\" data-end=\"887\"><strong data-start=\"863\" data-end=\"885\">Caract\u00e9ristiques :<\/strong><\/p>\n<ul data-start=\"888\" data-end=\"1082\">\n<li data-section-id=\"1nra36g\" data-start=\"888\" data-end=\"911\">Contient 30% d\u2019ur\u00e9e<\/li>\n<li data-section-id=\"955l6w\" data-start=\"912\" data-end=\"950\">Action k\u00e9ratolytique et hydratante<\/li>\n<li data-section-id=\"10846u7\" data-start=\"951\" data-end=\"989\">Texture fluide, facile \u00e0 appliquer<\/li>\n<li data-section-id=\"m2hmj1\" data-start=\"990\" data-end=\"1012\">P\u00e9n\u00e8tre rapidement<\/li>\n<li data-section-id=\"ulho1g\" data-start=\"1013\" data-end=\"1041\">Lisse et adoucit la peau<\/li>\n<li data-section-id=\"1gsm4nq\" data-start=\"1042\" data-end=\"1082\">Convient aux zones \u00e9tendues du corps<\/li>\n<\/ul>\n<p data-start=\"1084\" data-end=\"1259\"><strong data-start=\"1084\" data-end=\"1112\">Conseils d\u2019utilisation :<\/strong><br data-start=\"1112\" data-end=\"1115\" \/>Appliquer une \u00e0 deux fois par jour sur une peau propre et s\u00e8che, en massant jusqu\u2019\u00e0 absorption compl\u00e8te. \u00c9viter les zones sensibles ou irrit\u00e9es.<\/p>\n","protected":false},"excerpt":{"rendered":"<div class=\"flex max-w-full flex-col gap-4 grow\">\n<div class=\"min-h-8 text-message relative flex w-full flex-col items-end gap-2 text-start break-words whitespace-normal outline-none keyboard-focused:focus-ring [.text-message+&amp;]:mt-1\" dir=\"auto\" tabindex=\"0\" data-message-author-role=\"assistant\" data-message-id=\"cf7bec84-9136-464c-b725-d1a61cdf0d51\" data-message-model-slug=\"gpt-5-3\" data-turn-start-message=\"true\">\n<div class=\"flex w-full flex-col gap-1 empty:hidden\">\n<div class=\"markdown prose dark:prose-invert w-full wrap-break-word dark markdown-new-styling\">\n<p data-start=\"1266\" data-end=\"1390\" data-is-last-node=\"\" data-is-only-node=\"\">\u00c9mulsion \u00e0 30% d\u2019ur\u00e9e pour peaux tr\u00e8s s\u00e8ches. Hydrate, lisse et r\u00e9duit les rugosit\u00e9s durablement.<\/p>\n<\/div>\n<\/div>\n<\/div>\n<\/div>\n<div class=\"z-0 flex min-h-[46px] justify-start\"><\/div>\n<div class=\"mt-3 w-full empty:hidden\">\n<div class=\"text-center\">\n<div>\n<div class=\"inline-flex border border-gray-100 dark:border-gray-700 rounded-xl\">\n<div class=\"bg-token-main-surface-tertiary w-px flex-1 self-stretch\"><\/div>\n<\/div>\n<\/div>\n<\/div>\n<\/div>\n","protected":false},"featured_media":9716,"comment_status":"open","ping_status":"closed","template":"","meta":{"inline_featured_image":false,"_monsterinsights_skip_tracking":false,"_monsterinsights_sitenote_active":false,"_monsterinsights_sitenote_note":"","_monsterinsights_sitenote_category":0},"product_brand":[617],"product_cat":[887],"product_tag":[],"class_list":{"0":"post-9715","1":"product","2":"type-product","3":"status-publish","4":"has-post-thumbnail","6":"product_brand-pentamedical","7":"product_cat-corps","9":"first","10":"instock","11":"sale","12":"shipping-taxable","13":"purchasable","14":"product-type-simple"},"aioseo_notices":[],"_links":{"self":[{"href":"https:\/\/paraklik.tn\/index.php?rest_route=\/wp\/v2\/product\/9715","targetHints":{"allow":["GET"]}}],"collection":[{"href":"https:\/\/paraklik.tn\/index.php?rest_route=\/wp\/v2\/product"}],"about":[{"href":"https:\/\/paraklik.tn\/index.php?rest_route=\/wp\/v2\/types\/product"}],"replies":[{"embeddable":true,"href":"https:\/\/paraklik.tn\/index.php?rest_route=%2Fwp%2Fv2%2Fcomments&post=9715"}],"wp:featuredmedia":[{"embeddable":true,"href":"https:\/\/paraklik.tn\/index.php?rest_route=\/wp\/v2\/media\/9716"}],"wp:attachment":[{"href":"https:\/\/paraklik.tn\/index.php?rest_route=%2Fwp%2Fv2%2Fmedia&parent=9715"}],"wp:term":[{"taxonomy":"product_brand","embeddable":true,"href":"https:\/\/paraklik.tn\/index.php?rest_route=%2Fwp%2Fv2%2Fproduct_brand&post=9715"},{"taxonomy":"product_cat","embeddable":true,"href":"https:\/\/paraklik.tn\/index.php?rest_route=%2Fwp%2Fv2%2Fproduct_cat&post=9715"},{"taxonomy":"product_tag","embeddable":true,"href":"https:\/\/paraklik.tn\/index.php?rest_route=%2Fwp%2Fv2%2Fproduct_tag&post=9715"}],"curies":[{"name":"wp","href":"https:\/\/api.w.org\/{rel}","templated":true}]}}