{"id":9712,"date":"2026-04-13T15:54:51","date_gmt":"2026-04-13T14:54:51","guid":{"rendered":"http:\/\/paraklik.tn\/?post_type=product&#038;p=9712"},"modified":"2026-04-13T15:58:05","modified_gmt":"2026-04-13T14:58:05","slug":"penta-u50-creme-uree-50-30ml","status":"publish","type":"product","link":"https:\/\/paraklik.tn\/?product=penta-u50-creme-uree-50-30ml","title":{"rendered":"PENTA U50 CREME UREE 50% 30ML"},"content":{"rendered":"<p data-start=\"68\" data-end=\"349\">PENTA U50 Cr\u00e8me est un soin intensif hautement concentr\u00e9 en ur\u00e9e (50%), sp\u00e9cialement formul\u00e9 pour les zones de peau tr\u00e8s \u00e9paissie, rugueuse ou squameuse. Sa texture riche agit en profondeur pour favoriser l\u2019\u00e9limination des cellules mortes et lisser efficacement la surface cutan\u00e9e.<\/p>\n<p data-start=\"351\" data-end=\"601\">Gr\u00e2ce \u00e0 sa forte concentration en ur\u00e9e, elle exerce une action k\u00e9ratolytique puissante, aidant \u00e0 r\u00e9duire les callosit\u00e9s, les durillons et les zones tr\u00e8s s\u00e8ches. Elle contribue \u00e0 restaurer la souplesse de la peau tout en am\u00e9liorant son aspect g\u00e9n\u00e9ral.<\/p>\n<p data-start=\"603\" data-end=\"833\">Id\u00e9ale pour les zones localis\u00e9es telles que les pieds, les talons, les coudes ou les genoux, cette cr\u00e8me est recommand\u00e9e pour un usage cibl\u00e9. Son application r\u00e9guli\u00e8re permet de retrouver une peau plus lisse, douce et confortable.<\/p>\n<p data-start=\"835\" data-end=\"859\"><strong data-start=\"835\" data-end=\"857\">Caract\u00e9ristiques :<\/strong><\/p>\n<ul data-start=\"860\" data-end=\"1081\">\n<li data-section-id=\"7yh573\" data-start=\"860\" data-end=\"902\">Tr\u00e8s forte concentration en ur\u00e9e (50%)<\/li>\n<li data-section-id=\"3xbekk\" data-start=\"903\" data-end=\"937\">Action k\u00e9ratolytique intensive<\/li>\n<li data-section-id=\"y1v7rq\" data-start=\"938\" data-end=\"976\">R\u00e9duit les callosit\u00e9s et rugosit\u00e9s<\/li>\n<li data-section-id=\"o5151h\" data-start=\"977\" data-end=\"1012\">Soin cibl\u00e9 pour zones \u00e9paissies<\/li>\n<li data-section-id=\"1xk4eu3\" data-start=\"1013\" data-end=\"1042\">Texture riche et efficace<\/li>\n<li data-section-id=\"1uzn8a2\" data-start=\"1043\" data-end=\"1081\">Id\u00e9al pour pieds, coudes et genoux<\/li>\n<\/ul>\n<p data-start=\"1083\" data-end=\"1252\"><strong data-start=\"1083\" data-end=\"1111\">Conseils d\u2019utilisation :<\/strong><br data-start=\"1111\" data-end=\"1114\" \/>Appliquer localement sur les zones concern\u00e9es, une \u00e0 deux fois par jour, sur peau propre et s\u00e8che. \u00c9viter les zones sensibles ou irrit\u00e9es.<\/p>\n","protected":false},"excerpt":{"rendered":"<div class=\"flex flex-col text-sm\">\n<section class=\"text-token-text-primary w-full focus:outline-none [--shadow-height:45px] has-data-writing-block:pointer-events-none has-data-writing-block:-mt-(--shadow-height) has-data-writing-block:pt-(--shadow-height) [&amp;:has([data-writing-block])&gt;*]:pointer-events-auto scroll-mt-[calc(var(--header-height)+min(200px,max(70px,20svh)))]\" dir=\"auto\" data-turn-id=\"request-WEB:2f328e51-fac9-48ce-84a3-1582d839cac1-8\" data-testid=\"conversation-turn-18\" data-scroll-anchor=\"true\" data-turn=\"assistant\">\n<div class=\"text-base my-auto mx-auto pb-10 [--thread-content-margin:var(--thread-content-margin-xs,calc(var(--spacing)*4))] @w-sm\/main:[--thread-content-margin:var(--thread-content-margin-sm,calc(var(--spacing)*6))] @w-lg\/main:[--thread-content-margin:var(--thread-content-margin-lg,calc(var(--spacing)*16))] px-(--thread-content-margin)\">\n<div class=\"[--thread-content-max-width:40rem] @w-lg\/main:[--thread-content-max-width:48rem] mx-auto max-w-(--thread-content-max-width) flex-1 group\/turn-messages focus-visible:outline-hidden relative flex w-full min-w-0 flex-col agent-turn\">\n<div class=\"flex max-w-full flex-col gap-4 grow\">\n<div class=\"min-h-8 text-message relative flex w-full flex-col items-end gap-2 text-start break-words whitespace-normal outline-none keyboard-focused:focus-ring [.text-message+&amp;]:mt-1\" dir=\"auto\" tabindex=\"0\" data-message-author-role=\"assistant\" data-message-id=\"9b5229c4-c7db-488a-b704-76098581c483\" data-message-model-slug=\"gpt-5-3\" data-turn-start-message=\"true\">\n<div class=\"flex w-full flex-col gap-1 empty:hidden\">\n<div class=\"markdown prose dark:prose-invert w-full wrap-break-word dark markdown-new-styling\">\n<p data-start=\"1259\" data-end=\"1386\" data-is-last-node=\"\" data-is-only-node=\"\">Cr\u00e8me \u00e0 50% d\u2019ur\u00e9e pour zones tr\u00e8s s\u00e8ches et \u00e9paissies. R\u00e9duit callosit\u00e9s et rugosit\u00e9s efficacement.<\/p>\n<\/div>\n<\/div>\n<\/div>\n<\/div>\n<div class=\"z-0 flex min-h-[46px] justify-start\"><\/div>\n<div class=\"mt-3 w-full empty:hidden\">\n<div class=\"text-center\"><\/div>\n<\/div>\n<\/div>\n<\/div>\n<\/section>\n<\/div>\n<div class=\"pointer-events-none h-px w-px absolute bottom-0\" aria-hidden=\"true\" data-edge=\"true\"><\/div>\n","protected":false},"featured_media":9714,"comment_status":"open","ping_status":"closed","template":"","meta":{"inline_featured_image":false,"_monsterinsights_skip_tracking":false,"_monsterinsights_sitenote_active":false,"_monsterinsights_sitenote_note":"","_monsterinsights_sitenote_category":0},"product_brand":[617],"product_cat":[887],"product_tag":[],"class_list":{"0":"post-9712","1":"product","2":"type-product","3":"status-publish","4":"has-post-thumbnail","6":"product_brand-pentamedical","7":"product_cat-corps","9":"first","10":"instock","11":"shipping-taxable","12":"purchasable","13":"product-type-simple"},"aioseo_notices":[],"_links":{"self":[{"href":"https:\/\/paraklik.tn\/index.php?rest_route=\/wp\/v2\/product\/9712","targetHints":{"allow":["GET"]}}],"collection":[{"href":"https:\/\/paraklik.tn\/index.php?rest_route=\/wp\/v2\/product"}],"about":[{"href":"https:\/\/paraklik.tn\/index.php?rest_route=\/wp\/v2\/types\/product"}],"replies":[{"embeddable":true,"href":"https:\/\/paraklik.tn\/index.php?rest_route=%2Fwp%2Fv2%2Fcomments&post=9712"}],"wp:featuredmedia":[{"embeddable":true,"href":"https:\/\/paraklik.tn\/index.php?rest_route=\/wp\/v2\/media\/9714"}],"wp:attachment":[{"href":"https:\/\/paraklik.tn\/index.php?rest_route=%2Fwp%2Fv2%2Fmedia&parent=9712"}],"wp:term":[{"taxonomy":"product_brand","embeddable":true,"href":"https:\/\/paraklik.tn\/index.php?rest_route=%2Fwp%2Fv2%2Fproduct_brand&post=9712"},{"taxonomy":"product_cat","embeddable":true,"href":"https:\/\/paraklik.tn\/index.php?rest_route=%2Fwp%2Fv2%2Fproduct_cat&post=9712"},{"taxonomy":"product_tag","embeddable":true,"href":"https:\/\/paraklik.tn\/index.php?rest_route=%2Fwp%2Fv2%2Fproduct_tag&post=9712"}],"curies":[{"name":"wp","href":"https:\/\/api.w.org\/{rel}","templated":true}]}}