{"id":9708,"date":"2026-04-13T15:44:58","date_gmt":"2026-04-13T14:44:58","guid":{"rendered":"http:\/\/paraklik.tn\/?post_type=product&#038;p=9708"},"modified":"2026-04-13T15:47:24","modified_gmt":"2026-04-13T14:47:24","slug":"excipial-u10-lipolotion-200ml","status":"publish","type":"product","link":"https:\/\/paraklik.tn\/?product=excipial-u10-lipolotion-200ml","title":{"rendered":"EXCIPIAL U10 Lipolotion 200ml"},"content":{"rendered":"<p data-start=\"68\" data-end=\"290\">EXCIPIAL U10 Lipolotion est un soin hydratant intensif sp\u00e9cialement con\u00e7u pour les peaux tr\u00e8s s\u00e8ches et rugueuses. Sa texture fluide et l\u00e9g\u00e8re p\u00e9n\u00e8tre rapidement, offrant une hydratation profonde sans laisser de film gras.<\/p>\n<p data-start=\"292\" data-end=\"562\">Gr\u00e2ce \u00e0 sa formule enrichie en ur\u00e9e \u00e0 10%, elle favorise l\u2019\u00e9limination des cellules mortes tout en renfor\u00e7ant la barri\u00e8re cutan\u00e9e. Elle aide \u00e0 lisser la peau, r\u00e9duire les rugosit\u00e9s et apaiser les sensations de tiraillement, laissant la peau douce, souple et confortable.<\/p>\n<p data-start=\"564\" data-end=\"772\">Id\u00e9ale pour une utilisation quotidienne, notamment sur les zones tr\u00e8s s\u00e8ches comme les jambes, les bras ou les coudes, cette lipolotion convient parfaitement aux peaux n\u00e9cessitant un soin intensif et durable.<\/p>\n<p data-start=\"774\" data-end=\"798\"><strong data-start=\"774\" data-end=\"796\">Caract\u00e9ristiques :<\/strong><\/p>\n<ul data-start=\"799\" data-end=\"991\">\n<li data-section-id=\"a6g8ks\" data-start=\"799\" data-end=\"847\">Hydratation intensive pour peaux tr\u00e8s s\u00e8ches<\/li>\n<li data-section-id=\"z6nlcq\" data-start=\"848\" data-end=\"871\">Contient 10% d\u2019ur\u00e9e<\/li>\n<li data-section-id=\"1534m8i\" data-start=\"872\" data-end=\"903\">Aide \u00e0 lisser les rugosit\u00e9s<\/li>\n<li data-section-id=\"om0wuq\" data-start=\"904\" data-end=\"934\">Texture fluide, non grasse<\/li>\n<li data-section-id=\"m2hmj1\" data-start=\"935\" data-end=\"957\">P\u00e9n\u00e8tre rapidement<\/li>\n<li data-section-id=\"t8xtac\" data-start=\"958\" data-end=\"991\">Convient \u00e0 un usage quotidien<\/li>\n<\/ul>\n<p data-start=\"993\" data-end=\"1155\"><strong data-start=\"993\" data-end=\"1021\">Conseils d\u2019utilisation :<\/strong><br data-start=\"1021\" data-end=\"1024\" \/>Appliquer quotidiennement sur une peau propre et s\u00e8che, en insistant sur les zones tr\u00e8s s\u00e8ches. Masser jusqu\u2019\u00e0 absorption compl\u00e8te.<\/p>\n","protected":false},"excerpt":{"rendered":"<div class=\"flex flex-col text-sm\">\n<section class=\"text-token-text-primary w-full focus:outline-none [--shadow-height:45px] has-data-writing-block:pointer-events-none has-data-writing-block:-mt-(--shadow-height) has-data-writing-block:pt-(--shadow-height) [&amp;:has([data-writing-block])&gt;*]:pointer-events-auto scroll-mt-[calc(var(--header-height)+min(200px,max(70px,20svh)))]\" dir=\"auto\" data-turn-id=\"request-WEB:2f328e51-fac9-48ce-84a3-1582d839cac1-6\" data-testid=\"conversation-turn-14\" data-scroll-anchor=\"true\" data-turn=\"assistant\">\n<div class=\"text-base my-auto mx-auto pb-10 [--thread-content-margin:var(--thread-content-margin-xs,calc(var(--spacing)*4))] @w-sm\/main:[--thread-content-margin:var(--thread-content-margin-sm,calc(var(--spacing)*6))] @w-lg\/main:[--thread-content-margin:var(--thread-content-margin-lg,calc(var(--spacing)*16))] px-(--thread-content-margin)\">\n<div class=\"[--thread-content-max-width:40rem] @w-lg\/main:[--thread-content-max-width:48rem] mx-auto max-w-(--thread-content-max-width) flex-1 group\/turn-messages focus-visible:outline-hidden relative flex w-full min-w-0 flex-col agent-turn\">\n<div class=\"flex max-w-full flex-col gap-4 grow\">\n<div class=\"min-h-8 text-message relative flex w-full flex-col items-end gap-2 text-start break-words whitespace-normal outline-none keyboard-focused:focus-ring [.text-message+&amp;]:mt-1\" dir=\"auto\" tabindex=\"0\" data-message-author-role=\"assistant\" data-message-id=\"1de98884-792a-4734-b90c-9b25352ce846\" data-message-model-slug=\"gpt-5-3\" data-turn-start-message=\"true\">\n<div class=\"flex w-full flex-col gap-1 empty:hidden\">\n<div class=\"markdown prose dark:prose-invert w-full wrap-break-word dark markdown-new-styling\">\n<p data-start=\"1162\" data-end=\"1294\" data-is-last-node=\"\" data-is-only-node=\"\">Lotion hydratante intensive \u00e0 10% d\u2019ur\u00e9e pour peaux tr\u00e8s s\u00e8ches. Lisse, adoucit et hydrate en profondeur.<\/p>\n<\/div>\n<\/div>\n<\/div>\n<\/div>\n<div class=\"z-0 flex min-h-[46px] justify-start\"><\/div>\n<div class=\"mt-3 w-full empty:hidden\">\n<div class=\"text-center\"><\/div>\n<\/div>\n<\/div>\n<\/div>\n<\/section>\n<\/div>\n<div class=\"pointer-events-none h-px w-px absolute bottom-0\" aria-hidden=\"true\" data-edge=\"true\"><\/div>\n","protected":false},"featured_media":9709,"comment_status":"open","ping_status":"closed","template":"","meta":{"inline_featured_image":false,"_monsterinsights_skip_tracking":false,"_monsterinsights_sitenote_active":false,"_monsterinsights_sitenote_note":"","_monsterinsights_sitenote_category":0},"product_brand":[],"product_cat":[887],"product_tag":[],"class_list":{"0":"post-9708","1":"product","2":"type-product","3":"status-publish","4":"has-post-thumbnail","6":"product_cat-corps","8":"first","9":"instock","10":"shipping-taxable","11":"purchasable","12":"product-type-simple"},"aioseo_notices":[],"_links":{"self":[{"href":"https:\/\/paraklik.tn\/index.php?rest_route=\/wp\/v2\/product\/9708","targetHints":{"allow":["GET"]}}],"collection":[{"href":"https:\/\/paraklik.tn\/index.php?rest_route=\/wp\/v2\/product"}],"about":[{"href":"https:\/\/paraklik.tn\/index.php?rest_route=\/wp\/v2\/types\/product"}],"replies":[{"embeddable":true,"href":"https:\/\/paraklik.tn\/index.php?rest_route=%2Fwp%2Fv2%2Fcomments&post=9708"}],"wp:featuredmedia":[{"embeddable":true,"href":"https:\/\/paraklik.tn\/index.php?rest_route=\/wp\/v2\/media\/9709"}],"wp:attachment":[{"href":"https:\/\/paraklik.tn\/index.php?rest_route=%2Fwp%2Fv2%2Fmedia&parent=9708"}],"wp:term":[{"taxonomy":"product_brand","embeddable":true,"href":"https:\/\/paraklik.tn\/index.php?rest_route=%2Fwp%2Fv2%2Fproduct_brand&post=9708"},{"taxonomy":"product_cat","embeddable":true,"href":"https:\/\/paraklik.tn\/index.php?rest_route=%2Fwp%2Fv2%2Fproduct_cat&post=9708"},{"taxonomy":"product_tag","embeddable":true,"href":"https:\/\/paraklik.tn\/index.php?rest_route=%2Fwp%2Fv2%2Fproduct_tag&post=9708"}],"curies":[{"name":"wp","href":"https:\/\/api.w.org\/{rel}","templated":true}]}}