{"id":9706,"date":"2026-04-13T15:43:46","date_gmt":"2026-04-13T14:43:46","guid":{"rendered":"http:\/\/paraklik.tn\/?post_type=product&#038;p=9706"},"modified":"2026-04-13T15:43:46","modified_gmt":"2026-04-13T14:43:46","slug":"excipial-u4-lipolotion-200ml","status":"publish","type":"product","link":"https:\/\/paraklik.tn\/?product=excipial-u4-lipolotion-200ml","title":{"rendered":"EXCIPIAL U4 Lipolotion 200ml"},"content":{"rendered":"<p data-start=\"67\" data-end=\"289\">EXCIPIAL U4 Lipolotion est un soin hydratant quotidien sp\u00e9cialement formul\u00e9 pour les peaux s\u00e8ches et sensibles. Sa texture l\u00e9g\u00e8re et fluide p\u00e9n\u00e8tre rapidement, apportant une hydratation imm\u00e9diate sans laisser de film gras.<\/p>\n<p data-start=\"291\" data-end=\"558\">Enrichie en ur\u00e9e \u00e0 4%, elle aide \u00e0 maintenir l\u2019hydratation naturelle de la peau tout en renfor\u00e7ant la barri\u00e8re cutan\u00e9e. Elle contribue \u00e0 r\u00e9duire les sensations de s\u00e9cheresse et de tiraillement, laissant la peau douce, souple et confortable tout au long de la journ\u00e9e.<\/p>\n<p data-start=\"560\" data-end=\"779\">Adapt\u00e9e \u00e0 une utilisation quotidienne, cette lipolotion est id\u00e9ale pour le corps, notamment apr\u00e8s la douche. Sa formule douce convient parfaitement aux peaux sensibles, offrant un soin efficace et agr\u00e9able au quotidien.<\/p>\n<p data-start=\"781\" data-end=\"805\"><strong data-start=\"781\" data-end=\"803\">Caract\u00e9ristiques :<\/strong><\/p>\n<ul data-start=\"806\" data-end=\"990\">\n<li data-section-id=\"47rduj\" data-start=\"806\" data-end=\"851\">Hydratation quotidienne pour peaux s\u00e8ches<\/li>\n<li data-section-id=\"ds0e4v\" data-start=\"852\" data-end=\"874\">Contient 4% d\u2019ur\u00e9e<\/li>\n<li data-section-id=\"fcdq8c\" data-start=\"875\" data-end=\"903\">Texture l\u00e9g\u00e8re et fluide<\/li>\n<li data-section-id=\"m2hmj1\" data-start=\"904\" data-end=\"926\">P\u00e9n\u00e8tre rapidement<\/li>\n<li data-section-id=\"16d86m2\" data-start=\"927\" data-end=\"957\">Non grasse et non collante<\/li>\n<li data-section-id=\"1itohj9\" data-start=\"958\" data-end=\"990\">Convient aux peaux sensibles<\/li>\n<\/ul>\n<p data-start=\"992\" data-end=\"1158\"><strong data-start=\"992\" data-end=\"1020\">Conseils d\u2019utilisation :<\/strong><br data-start=\"1020\" data-end=\"1023\" \/>Appliquer quotidiennement sur une peau propre et s\u00e8che, de pr\u00e9f\u00e9rence apr\u00e8s la douche. Masser d\u00e9licatement jusqu\u2019\u00e0 absorption compl\u00e8te.<\/p>\n","protected":false},"excerpt":{"rendered":"<div class=\"flex flex-col text-sm pb-25\">\n<section class=\"text-token-text-primary w-full focus:outline-none [--shadow-height:45px] has-data-writing-block:pointer-events-none has-data-writing-block:-mt-(--shadow-height) has-data-writing-block:pt-(--shadow-height) [&amp;:has([data-writing-block])&gt;*]:pointer-events-auto scroll-mt-[calc(var(--header-height)+min(200px,max(70px,20svh)))]\" dir=\"auto\" data-turn-id=\"request-WEB:2f328e51-fac9-48ce-84a3-1582d839cac1-5\" data-testid=\"conversation-turn-12\" data-scroll-anchor=\"true\" data-turn=\"assistant\">\n<div class=\"text-base my-auto mx-auto pb-10 [--thread-content-margin:var(--thread-content-margin-xs,calc(var(--spacing)*4))] @w-sm\/main:[--thread-content-margin:var(--thread-content-margin-sm,calc(var(--spacing)*6))] @w-lg\/main:[--thread-content-margin:var(--thread-content-margin-lg,calc(var(--spacing)*16))] px-(--thread-content-margin)\">\n<div class=\"[--thread-content-max-width:40rem] @w-lg\/main:[--thread-content-max-width:48rem] mx-auto max-w-(--thread-content-max-width) flex-1 group\/turn-messages focus-visible:outline-hidden relative flex w-full min-w-0 flex-col agent-turn\">\n<div class=\"flex max-w-full flex-col gap-4 grow\">\n<div class=\"min-h-8 text-message relative flex w-full flex-col items-end gap-2 text-start break-words whitespace-normal outline-none keyboard-focused:focus-ring [.text-message+&amp;]:mt-1\" dir=\"auto\" tabindex=\"0\" data-message-author-role=\"assistant\" data-message-id=\"aebf1179-80e1-4682-8beb-383d80f7f977\" data-message-model-slug=\"gpt-5-3\" data-turn-start-message=\"true\">\n<div class=\"flex w-full flex-col gap-1 empty:hidden\">\n<div class=\"markdown prose dark:prose-invert w-full wrap-break-word dark markdown-new-styling\">\n<p data-start=\"1165\" data-end=\"1309\" data-is-last-node=\"\" data-is-only-node=\"\">Lotion hydratante \u00e0 4% d\u2019ur\u00e9e pour peaux s\u00e8ches et sensibles. Hydrate, adoucit et p\u00e9n\u00e8tre rapidement sans effet gras.<\/p>\n<\/div>\n<\/div>\n<\/div>\n<\/div>\n<div class=\"z-0 flex min-h-[46px] justify-start\"><\/div>\n<div class=\"mt-3 w-full empty:hidden\">\n<div class=\"text-center\"><\/div>\n<\/div>\n<\/div>\n<\/div>\n<\/section>\n<\/div>\n<div class=\"pointer-events-none h-px w-px absolute bottom-0\" aria-hidden=\"true\" data-edge=\"true\"><\/div>\n","protected":false},"featured_media":9707,"comment_status":"open","ping_status":"closed","template":"","meta":{"inline_featured_image":false,"_monsterinsights_skip_tracking":false,"_monsterinsights_sitenote_active":false,"_monsterinsights_sitenote_note":"","_monsterinsights_sitenote_category":0},"product_brand":[396],"product_cat":[887],"product_tag":[],"class_list":{"0":"post-9706","1":"product","2":"type-product","3":"status-publish","4":"has-post-thumbnail","6":"product_brand-excipial","7":"product_cat-corps","9":"first","10":"instock","11":"shipping-taxable","12":"purchasable","13":"product-type-simple"},"aioseo_notices":[],"_links":{"self":[{"href":"https:\/\/paraklik.tn\/index.php?rest_route=\/wp\/v2\/product\/9706","targetHints":{"allow":["GET"]}}],"collection":[{"href":"https:\/\/paraklik.tn\/index.php?rest_route=\/wp\/v2\/product"}],"about":[{"href":"https:\/\/paraklik.tn\/index.php?rest_route=\/wp\/v2\/types\/product"}],"replies":[{"embeddable":true,"href":"https:\/\/paraklik.tn\/index.php?rest_route=%2Fwp%2Fv2%2Fcomments&post=9706"}],"wp:featuredmedia":[{"embeddable":true,"href":"https:\/\/paraklik.tn\/index.php?rest_route=\/wp\/v2\/media\/9707"}],"wp:attachment":[{"href":"https:\/\/paraklik.tn\/index.php?rest_route=%2Fwp%2Fv2%2Fmedia&parent=9706"}],"wp:term":[{"taxonomy":"product_brand","embeddable":true,"href":"https:\/\/paraklik.tn\/index.php?rest_route=%2Fwp%2Fv2%2Fproduct_brand&post=9706"},{"taxonomy":"product_cat","embeddable":true,"href":"https:\/\/paraklik.tn\/index.php?rest_route=%2Fwp%2Fv2%2Fproduct_cat&post=9706"},{"taxonomy":"product_tag","embeddable":true,"href":"https:\/\/paraklik.tn\/index.php?rest_route=%2Fwp%2Fv2%2Fproduct_tag&post=9706"}],"curies":[{"name":"wp","href":"https:\/\/api.w.org\/{rel}","templated":true}]}}