{"id":9704,"date":"2026-04-13T15:42:22","date_gmt":"2026-04-13T14:42:22","guid":{"rendered":"http:\/\/paraklik.tn\/?post_type=product&#038;p=9704"},"modified":"2026-04-13T15:42:22","modified_gmt":"2026-04-13T14:42:22","slug":"excipial-repair-sensitive-creme-mains-50ml","status":"publish","type":"product","link":"https:\/\/paraklik.tn\/?product=excipial-repair-sensitive-creme-mains-50ml","title":{"rendered":"EXCIPIAL Repair Sensitive Cr\u00e8me Mains 50ml"},"content":{"rendered":"<p data-start=\"33\" data-end=\"79\"><strong data-start=\"33\" data-end=\"79\">EXCIPIAL Repair Sensitive Cr\u00e8me Mains 50ml<\/strong><\/p>\n<p data-start=\"81\" data-end=\"349\">EXCIPIAL Repair Sensitive Cr\u00e8me Mains est un soin r\u00e9parateur sp\u00e9cialement con\u00e7u pour les mains s\u00e8ches, sensibles et ab\u00eem\u00e9es. Sa formule douce et efficace nourrit intens\u00e9ment la peau tout en procurant un soulagement imm\u00e9diat des sensations de s\u00e9cheresse et d\u2019inconfort.<\/p>\n<p data-start=\"351\" data-end=\"641\">Gr\u00e2ce \u00e0 ses agents hydratants et relipidants, elle aide \u00e0 restaurer la barri\u00e8re cutan\u00e9e et prot\u00e8ge les mains contre les agressions ext\u00e9rieures telles que le froid, le vent ou les lavages fr\u00e9quents. Elle contribue \u00e0 maintenir une hydratation durable tout en laissant la peau douce et souple.<\/p>\n<p data-start=\"643\" data-end=\"852\">Sa texture l\u00e9g\u00e8re et non grasse p\u00e9n\u00e8tre rapidement sans laisser de film collant, permettant une utilisation pratique au quotidien. Id\u00e9ale pour un usage r\u00e9gulier, elle convient parfaitement aux peaux sensibles.<\/p>\n<p data-start=\"854\" data-end=\"878\"><strong data-start=\"854\" data-end=\"876\">Caract\u00e9ristiques :<\/strong><\/p>\n<ul data-start=\"879\" data-end=\"1099\">\n<li data-section-id=\"1syha92\" data-start=\"879\" data-end=\"913\">Soin r\u00e9parateur pour les mains<\/li>\n<li data-section-id=\"16d2l9t\" data-start=\"914\" data-end=\"951\">Sp\u00e9cial peaux sensibles et s\u00e8ches<\/li>\n<li data-section-id=\"f0rkgi\" data-start=\"952\" data-end=\"980\">Hydratation longue dur\u00e9e<\/li>\n<li data-section-id=\"1ycrcrc\" data-start=\"981\" data-end=\"1011\">Texture l\u00e9g\u00e8re, non grasse<\/li>\n<li data-section-id=\"1ywhs79\" data-start=\"1012\" data-end=\"1057\">Prot\u00e8ge contre les agressions ext\u00e9rieures<\/li>\n<li data-section-id=\"599f2a\" data-start=\"1058\" data-end=\"1099\">Absorption rapide, sans effet collant<\/li>\n<\/ul>\n<p data-start=\"1101\" data-end=\"1247\"><strong data-start=\"1101\" data-end=\"1129\">Conseils d\u2019utilisation :<\/strong><br data-start=\"1129\" data-end=\"1132\" \/>Appliquer sur les mains propres et s\u00e8ches aussi souvent que n\u00e9cessaire, en insistant sur les zones les plus s\u00e8ches.<\/p>\n","protected":false},"excerpt":{"rendered":"<div class=\"flex flex-col text-sm pb-25\">\n<section class=\"text-token-text-primary w-full focus:outline-none [--shadow-height:45px] has-data-writing-block:pointer-events-none has-data-writing-block:-mt-(--shadow-height) has-data-writing-block:pt-(--shadow-height) [&amp;:has([data-writing-block])&gt;*]:pointer-events-auto scroll-mt-[calc(var(--header-height)+min(200px,max(70px,20svh)))]\" dir=\"auto\" data-turn-id=\"request-WEB:2f328e51-fac9-48ce-84a3-1582d839cac1-4\" data-testid=\"conversation-turn-10\" data-scroll-anchor=\"true\" data-turn=\"assistant\">\n<div class=\"text-base my-auto mx-auto pb-10 [--thread-content-margin:var(--thread-content-margin-xs,calc(var(--spacing)*4))] @w-sm\/main:[--thread-content-margin:var(--thread-content-margin-sm,calc(var(--spacing)*6))] @w-lg\/main:[--thread-content-margin:var(--thread-content-margin-lg,calc(var(--spacing)*16))] px-(--thread-content-margin)\">\n<div class=\"[--thread-content-max-width:40rem] @w-lg\/main:[--thread-content-max-width:48rem] mx-auto max-w-(--thread-content-max-width) flex-1 group\/turn-messages focus-visible:outline-hidden relative flex w-full min-w-0 flex-col agent-turn\">\n<div class=\"flex max-w-full flex-col gap-4 grow\">\n<div class=\"min-h-8 text-message relative flex w-full flex-col items-end gap-2 text-start break-words whitespace-normal outline-none keyboard-focused:focus-ring [.text-message+&amp;]:mt-1\" dir=\"auto\" tabindex=\"0\" data-message-author-role=\"assistant\" data-message-id=\"3fd8864f-9fcb-402a-bd9c-83c7ad6eb629\" data-message-model-slug=\"gpt-5-3\" data-turn-start-message=\"true\">\n<div class=\"flex w-full flex-col gap-1 empty:hidden\">\n<div class=\"markdown prose dark:prose-invert w-full wrap-break-word dark markdown-new-styling\">\n<p data-start=\"1254\" data-end=\"1377\" data-is-last-node=\"\" data-is-only-node=\"\">Cr\u00e8me mains r\u00e9paratrice pour peaux sensibles et s\u00e8ches. Hydrate, prot\u00e8ge et apaise au quotidien.<\/p>\n<\/div>\n<\/div>\n<\/div>\n<\/div>\n<div class=\"z-0 flex min-h-[46px] justify-start\"><\/div>\n<div class=\"mt-3 w-full empty:hidden\">\n<div class=\"text-center\"><\/div>\n<\/div>\n<\/div>\n<\/div>\n<\/section>\n<\/div>\n<div class=\"pointer-events-none h-px w-px absolute bottom-0\" aria-hidden=\"true\" data-edge=\"true\"><\/div>\n","protected":false},"featured_media":9705,"comment_status":"open","ping_status":"closed","template":"","meta":{"inline_featured_image":false,"_monsterinsights_skip_tracking":false,"_monsterinsights_sitenote_active":false,"_monsterinsights_sitenote_note":"","_monsterinsights_sitenote_category":0},"product_brand":[396],"product_cat":[887],"product_tag":[],"class_list":{"0":"post-9704","1":"product","2":"type-product","3":"status-publish","4":"has-post-thumbnail","6":"product_brand-excipial","7":"product_cat-corps","9":"first","10":"instock","11":"shipping-taxable","12":"purchasable","13":"product-type-simple"},"aioseo_notices":[],"_links":{"self":[{"href":"https:\/\/paraklik.tn\/index.php?rest_route=\/wp\/v2\/product\/9704","targetHints":{"allow":["GET"]}}],"collection":[{"href":"https:\/\/paraklik.tn\/index.php?rest_route=\/wp\/v2\/product"}],"about":[{"href":"https:\/\/paraklik.tn\/index.php?rest_route=\/wp\/v2\/types\/product"}],"replies":[{"embeddable":true,"href":"https:\/\/paraklik.tn\/index.php?rest_route=%2Fwp%2Fv2%2Fcomments&post=9704"}],"wp:featuredmedia":[{"embeddable":true,"href":"https:\/\/paraklik.tn\/index.php?rest_route=\/wp\/v2\/media\/9705"}],"wp:attachment":[{"href":"https:\/\/paraklik.tn\/index.php?rest_route=%2Fwp%2Fv2%2Fmedia&parent=9704"}],"wp:term":[{"taxonomy":"product_brand","embeddable":true,"href":"https:\/\/paraklik.tn\/index.php?rest_route=%2Fwp%2Fv2%2Fproduct_brand&post=9704"},{"taxonomy":"product_cat","embeddable":true,"href":"https:\/\/paraklik.tn\/index.php?rest_route=%2Fwp%2Fv2%2Fproduct_cat&post=9704"},{"taxonomy":"product_tag","embeddable":true,"href":"https:\/\/paraklik.tn\/index.php?rest_route=%2Fwp%2Fv2%2Fproduct_tag&post=9704"}],"curies":[{"name":"wp","href":"https:\/\/api.w.org\/{rel}","templated":true}]}}