{"id":9701,"date":"2026-04-13T15:41:00","date_gmt":"2026-04-13T14:41:00","guid":{"rendered":"http:\/\/paraklik.tn\/?post_type=product&#038;p=9701"},"modified":"2026-04-13T15:41:00","modified_gmt":"2026-04-13T14:41:00","slug":"excipial-repair-50ml","status":"publish","type":"product","link":"https:\/\/paraklik.tn\/?product=excipial-repair-50ml","title":{"rendered":"EXCIPIAL Repair 50ml"},"content":{"rendered":"<p data-start=\"111\" data-end=\"362\">EXCIPIAL Repair est un soin r\u00e9parateur intensif sp\u00e9cialement formul\u00e9 pour les peaux tr\u00e8s s\u00e8ches, ab\u00eem\u00e9es ou irrit\u00e9es. Sa texture riche et nourrissante p\u00e9n\u00e8tre rapidement, apportant un soulagement imm\u00e9diat aux sensations de tiraillement et d\u2019inconfort.<\/p>\n<p data-start=\"364\" data-end=\"605\">Gr\u00e2ce \u00e0 sa formule enrichie en agents hydratants et relipidants, elle aide \u00e0 restaurer la barri\u00e8re cutan\u00e9e et \u00e0 prot\u00e9ger la peau contre le dess\u00e8chement. Elle favorise une hydratation durable tout en laissant la peau douce, souple et apais\u00e9e.<\/p>\n<p data-start=\"607\" data-end=\"818\">Id\u00e9ale pour les zones particuli\u00e8rement s\u00e8ches comme les mains, les coudes ou les genoux, cette cr\u00e8me est adapt\u00e9e \u00e0 une utilisation quotidienne. Sa formule non grasse assure un confort optimal sans effet collant.<\/p>\n<p data-start=\"820\" data-end=\"844\"><strong data-start=\"820\" data-end=\"842\">Caract\u00e9ristiques :<\/strong><\/p>\n<ul data-start=\"845\" data-end=\"1056\">\n<li data-section-id=\"kkbvrs\" data-start=\"845\" data-end=\"873\">Soin r\u00e9parateur intensif<\/li>\n<li data-section-id=\"o444ll\" data-start=\"874\" data-end=\"914\">Sp\u00e9cial peaux tr\u00e8s s\u00e8ches et ab\u00eem\u00e9es<\/li>\n<li data-section-id=\"f0rkgi\" data-start=\"915\" data-end=\"943\">Hydratation longue dur\u00e9e<\/li>\n<li data-section-id=\"1afd1qo\" data-start=\"944\" data-end=\"973\">Texture riche, non grasse<\/li>\n<li data-section-id=\"10ieutx\" data-start=\"974\" data-end=\"1017\">Apaise les irritations et tiraillements<\/li>\n<li data-section-id=\"1a86a75\" data-start=\"1018\" data-end=\"1056\">Convient aux zones s\u00e8ches du corps<\/li>\n<\/ul>\n<p data-start=\"1058\" data-end=\"1233\"><strong data-start=\"1058\" data-end=\"1086\">Conseils d\u2019utilisation :<\/strong><br data-start=\"1086\" data-end=\"1089\" \/>Appliquer une \u00e0 plusieurs fois par jour sur les zones concern\u00e9es, sur une peau propre et s\u00e8che. Masser d\u00e9licatement jusqu\u2019\u00e0 absorption compl\u00e8te.<\/p>\n","protected":false},"excerpt":{"rendered":"<p>Cr\u00e8me r\u00e9paratrice pour peaux tr\u00e8s s\u00e8ches et ab\u00eem\u00e9es. Hydrate, apaise et restaure la barri\u00e8re cutan\u00e9e.<\/p>\n","protected":false},"featured_media":9703,"comment_status":"open","ping_status":"closed","template":"","meta":{"inline_featured_image":false,"_monsterinsights_skip_tracking":false,"_monsterinsights_sitenote_active":false,"_monsterinsights_sitenote_note":"","_monsterinsights_sitenote_category":0},"product_brand":[396],"product_cat":[887],"product_tag":[],"class_list":{"0":"post-9701","1":"product","2":"type-product","3":"status-publish","4":"has-post-thumbnail","6":"product_brand-excipial","7":"product_cat-corps","9":"first","10":"instock","11":"shipping-taxable","12":"purchasable","13":"product-type-simple"},"aioseo_notices":[],"_links":{"self":[{"href":"https:\/\/paraklik.tn\/index.php?rest_route=\/wp\/v2\/product\/9701","targetHints":{"allow":["GET"]}}],"collection":[{"href":"https:\/\/paraklik.tn\/index.php?rest_route=\/wp\/v2\/product"}],"about":[{"href":"https:\/\/paraklik.tn\/index.php?rest_route=\/wp\/v2\/types\/product"}],"replies":[{"embeddable":true,"href":"https:\/\/paraklik.tn\/index.php?rest_route=%2Fwp%2Fv2%2Fcomments&post=9701"}],"wp:featuredmedia":[{"embeddable":true,"href":"https:\/\/paraklik.tn\/index.php?rest_route=\/wp\/v2\/media\/9703"}],"wp:attachment":[{"href":"https:\/\/paraklik.tn\/index.php?rest_route=%2Fwp%2Fv2%2Fmedia&parent=9701"}],"wp:term":[{"taxonomy":"product_brand","embeddable":true,"href":"https:\/\/paraklik.tn\/index.php?rest_route=%2Fwp%2Fv2%2Fproduct_brand&post=9701"},{"taxonomy":"product_cat","embeddable":true,"href":"https:\/\/paraklik.tn\/index.php?rest_route=%2Fwp%2Fv2%2Fproduct_cat&post=9701"},{"taxonomy":"product_tag","embeddable":true,"href":"https:\/\/paraklik.tn\/index.php?rest_route=%2Fwp%2Fv2%2Fproduct_tag&post=9701"}],"curies":[{"name":"wp","href":"https:\/\/api.w.org\/{rel}","templated":true}]}}