{"id":9699,"date":"2026-04-13T13:16:58","date_gmt":"2026-04-13T12:16:58","guid":{"rendered":"http:\/\/paraklik.tn\/?post_type=product&#038;p=9699"},"modified":"2026-04-13T13:16:58","modified_gmt":"2026-04-13T12:16:58","slug":"sensitive_face-fluid-invisible-ecran-spf50-50ml","status":"publish","type":"product","link":"https:\/\/paraklik.tn\/?product=sensitive_face-fluid-invisible-ecran-spf50-50ml","title":{"rendered":"Sensitive_Face Fluid INVISIBLE &#8211; Ecran Spf50+ 50ml"},"content":{"rendered":"<h3 data-section-id=\"17gh9rj\" data-start=\"86\" data-end=\"124\"><span role=\"text\"><strong data-start=\"90\" data-end=\"124\">Sensitive_Face Fluid INVISIBLE<\/strong><\/span><\/h3>\n<p data-start=\"126\" data-end=\"277\">D\u00e9couvrez <strong data-start=\"136\" data-end=\"170\">Sensitive_Face Fluid INVISIBLE<\/strong>, la solution id\u00e9ale pour prot\u00e9ger votre peau au quotidien tout en conservant un fini totalement invisible.<\/p>\n<p data-start=\"279\" data-end=\"578\">Sa formule ultra-l\u00e9g\u00e8re a \u00e9t\u00e9 sp\u00e9cialement con\u00e7ue pour les peaux sensibles. Elle s\u2019applique facilement, p\u00e9n\u00e8tre rapidement et ne laisse aucun film blanc ni effet gras. Parfaite pour une utilisation quotidienne, elle offre une protection efficace tout en respectant l\u2019\u00e9quilibre naturel de votre peau.<\/p>\n<p data-start=\"580\" data-end=\"781\">Gr\u00e2ce \u00e0 sa texture fluide et confortable, elle procure une sensation de fra\u00eecheur imm\u00e9diate et un toucher soyeux. Invisible sur toutes les carnations, elle convient aussi bien aux hommes qu\u2019aux femmes.<\/p>\n<hr data-start=\"783\" data-end=\"786\" \/>\n<h3 data-section-id=\"hqzhvj\" data-start=\"788\" data-end=\"810\"><span role=\"text\"><strong data-start=\"792\" data-end=\"810\">Points forts :<\/strong><\/span><\/h3>\n<ul data-start=\"811\" data-end=\"979\">\n<li data-section-id=\"1idxzus\" data-start=\"811\" data-end=\"851\">Fini invisible, sans traces blanches<\/li>\n<li data-section-id=\"1szglmm\" data-start=\"852\" data-end=\"892\">Texture fluide, l\u00e9g\u00e8re et non grasse<\/li>\n<li data-section-id=\"6rfnwu\" data-start=\"893\" data-end=\"923\">Adapt\u00e9 aux peaux sensibles<\/li>\n<li data-section-id=\"k6u00y\" data-start=\"924\" data-end=\"945\">Absorption rapide<\/li>\n<li data-section-id=\"6uxef\" data-start=\"946\" data-end=\"979\">Id\u00e9al pour un usage quotidien<\/li>\n<\/ul>\n<hr data-start=\"981\" data-end=\"984\" \/>\n<h3 data-section-id=\"hbbqn4\" data-start=\"986\" data-end=\"1018\"><span role=\"text\"><strong data-start=\"990\" data-end=\"1018\">Conseils d\u2019utilisation :<\/strong><\/span><\/h3>\n<p data-start=\"1019\" data-end=\"1149\">Appliquer g\u00e9n\u00e9reusement sur le visage avant toute exposition. Renouveler l\u2019application r\u00e9guli\u00e8rement pour une protection optimale.<\/p>\n","protected":false},"excerpt":{"rendered":"<p>Fluide visage invisible, sp\u00e9cialement formul\u00e9 pour les peaux sensibles. Texture l\u00e9g\u00e8re, absorption rapide et fini sans traces pour une protection quotidienne confortable.<\/p>\n","protected":false},"featured_media":9694,"comment_status":"open","ping_status":"closed","template":"","meta":{"inline_featured_image":false,"_monsterinsights_skip_tracking":false,"_monsterinsights_sitenote_active":false,"_monsterinsights_sitenote_note":"","_monsterinsights_sitenote_category":0},"product_brand":[363],"product_cat":[983],"product_tag":[],"class_list":{"0":"post-9699","1":"product","2":"type-product","3":"status-publish","4":"has-post-thumbnail","6":"product_brand-daylong","7":"product_cat-solaire","9":"first","10":"instock","11":"shipping-taxable","12":"purchasable","13":"product-type-simple"},"aioseo_notices":[],"_links":{"self":[{"href":"https:\/\/paraklik.tn\/index.php?rest_route=\/wp\/v2\/product\/9699","targetHints":{"allow":["GET"]}}],"collection":[{"href":"https:\/\/paraklik.tn\/index.php?rest_route=\/wp\/v2\/product"}],"about":[{"href":"https:\/\/paraklik.tn\/index.php?rest_route=\/wp\/v2\/types\/product"}],"replies":[{"embeddable":true,"href":"https:\/\/paraklik.tn\/index.php?rest_route=%2Fwp%2Fv2%2Fcomments&post=9699"}],"wp:featuredmedia":[{"embeddable":true,"href":"https:\/\/paraklik.tn\/index.php?rest_route=\/wp\/v2\/media\/9694"}],"wp:attachment":[{"href":"https:\/\/paraklik.tn\/index.php?rest_route=%2Fwp%2Fv2%2Fmedia&parent=9699"}],"wp:term":[{"taxonomy":"product_brand","embeddable":true,"href":"https:\/\/paraklik.tn\/index.php?rest_route=%2Fwp%2Fv2%2Fproduct_brand&post=9699"},{"taxonomy":"product_cat","embeddable":true,"href":"https:\/\/paraklik.tn\/index.php?rest_route=%2Fwp%2Fv2%2Fproduct_cat&post=9699"},{"taxonomy":"product_tag","embeddable":true,"href":"https:\/\/paraklik.tn\/index.php?rest_route=%2Fwp%2Fv2%2Fproduct_tag&post=9699"}],"curies":[{"name":"wp","href":"https:\/\/api.w.org\/{rel}","templated":true}]}}