{"id":9697,"date":"2026-04-13T12:58:21","date_gmt":"2026-04-13T11:58:21","guid":{"rendered":"http:\/\/paraklik.tn\/?post_type=product&#038;p=9697"},"modified":"2026-04-13T12:58:21","modified_gmt":"2026-04-13T11:58:21","slug":"daylong-kids-lait-solaire-spf50-150ml","status":"publish","type":"product","link":"https:\/\/paraklik.tn\/?product=daylong-kids-lait-solaire-spf50-150ml","title":{"rendered":"DAYLONG Kids Lait Solaire SPF50+ 150ml"},"content":{"rendered":"<p><strong>La protection solaire Daylong Kids SPF 50+\u00a0<\/strong>contient des filtres anti-UV photostables qui offrent une protection tr\u00e8s efficace contre les UVA et les UVB.<\/p>\n<p>Ce lait solaire liposomal est tr\u00e8s<strong>\u00a0r\u00e9sistant \u00e0 l\u2019eau<\/strong>\u00a0(eau douce et eau de mer) ainsi qu\u2019\u00e0<strong>\u00a0la transpiration\u00a0<\/strong>et procure\u00a0une protection solaire longue dur\u00e9e.<\/p>\n<p>La protection solaire Daylong Kids est\u00a0<strong>facile \u00e0 appliquer<\/strong>.\u00a0Elle p\u00e9n\u00e8tre rapidement et ne laisse aucune sensation de film gras sur la peau.<br \/>\nEnfin, sa formule est sans parfum ni \u00e9mulsifiant PEG traditionnel.<\/p>\n<p>Cette lotion offre aux peaux sensibles une tol\u00e9rance \u00e9lev\u00e9e. La protection solaire Daylong kids offre une haute protection de la peau de l\u2019enfant de plus de 6 mois. Elle convient aussi bien pour le visage que pour le corps. La protection solaire Daylong kids est adapt\u00e9e aux activit\u00e9s en plein air des enfants.<\/p>\n<ul>\n<li>Le lait Daylong Kids p\u00e9n\u00e8tre rapidement et nourrit la peau des enfants gr\u00e2ce au dexpanth\u00e9nol, \u00e0 la glyc\u00e9rine, \u00e0 l\u2019alo\u00e9 vera et \u00e0 la vitamine E.<\/li>\n<li>La pompe doseuse et le tableau de dosage ci-dessous permettent d\u2019appliquer la bonne quantit\u00e9 pour une protection efficace.<\/li>\n<li>Les filtres UV photostables offrent une protection tr\u00e8s efficace contre les UVA et les UVB. Les l\u00e9sions de l\u2019ADN et le vieillissement de la peau provoqu\u00e9s par le soleil sont pr\u00e9venus.<\/li>\n<\/ul>\n<p>Pour les patients immunod\u00e9prim\u00e9s, Daylong propose la\u00a0<a href=\"https:\/\/www.maparatunisie.tn\/produit\/daylong-actinica-lotion-80ml\/\">lotion protection solaire Actinica\u00a0SPF 50 +<\/a>.<\/p>\n<p><strong>Contenance :\u00a0<\/strong>150 ml<\/p>\n<p><strong>Conseils d\u2019utilisation :\u00a0<\/strong><\/p>\n<ul>\n<li>Appliquez g\u00e9n\u00e9reusement environ 20 minutes avant l\u2019exposition solaire. Massez le produit soigneusement pour faciliter sa p\u00e9n\u00e9tration.<\/li>\n<li>Une application par jour (selon les doses recommand\u00e9es) de Daylong Kids SPF 50 suffit g\u00e9n\u00e9ralement. Il est toutefois conseill\u00e9 de renouveler l\u2019application en cas de contact trop prolong\u00e9 avec l\u2019eau et chez les peaux particuli\u00e8rement sensibles.<\/li>\n<\/ul>\n<p><strong>Pr\u00e9cautions d\u2019emploi :<\/strong><\/p>\n<ul>\n<li>Evitez le soleil en milieu de journ\u00e9e.<\/li>\n<li>Porter des v\u00eatements protecteurs.<\/li>\n<li>Une exposition excessive au soleil est dangereuse.<\/li>\n<li>Apr\u00e8s un contact prolong\u00e9 avec l\u2019eau, vous devriez renouveler l\u2019application de cr\u00e8me solaire. Il faut savoir n\u00e9anmoins que les applications r\u00e9p\u00e9t\u00e9es ne prolongent pas la dur\u00e9e d\u2019exposition au soleil.<\/li>\n<li>M\u00eame les produits de protection solaire \u00e0 SPF \u00e9lev\u00e9 ne prot\u00e8gent pas compl\u00e8tement des rayonnements UV.<\/li>\n<li>Ne pas exposer les b\u00e9b\u00e9s et les jeunes enfants au soleil.<\/li>\n<li>Les produits de protection solaire peuvent provoquer une d\u00e9coloration durable des textiles et d\u2019autres mat\u00e9riaux.<\/li>\n<\/ul>\n<p><strong>COMPOSITION<\/strong><\/p>\n<p>Aqua, Diethylamino Hydroxybenzoyl Hexyl Benzoate, Ethylhexyl Methoxycinnamate, Bis-Ethylhexyloxyphenol Methoxyphenyl Triazine, C12-15 Alkyl Benzoate, Dibutyl Adipate, Dicaprylyl Carbonate, Pentylene Glycol, Methylene Bis-Benzotriazolyl Tetramethylbutylphenol (nano), Dimethicone, Ethylhexyl Triazone, Alcohol, Cetyl phosphate, Glycerin, Cetyl Alcohol, Triethanolamine, Tocopherol, Panthenol, Lecithin, Decyl Glucoside, Carbomer, Propylene Glycol, Xanthan Gum, BHT, Aloe Barbadensis Leaf Juice Powder.<\/p>\n","protected":false},"excerpt":{"rendered":"<p><strong>La protection solaire Daylong Kids SPF 50+\u00a0<\/strong>contient des filtres anti-UV photostables qui offrent une protection tr\u00e8s efficace contre les UVA et les UVB.<\/p>\n","protected":false},"featured_media":9691,"comment_status":"open","ping_status":"closed","template":"","meta":{"inline_featured_image":false,"_monsterinsights_skip_tracking":false,"_monsterinsights_sitenote_active":false,"_monsterinsights_sitenote_note":"","_monsterinsights_sitenote_category":0},"product_brand":[363],"product_cat":[983],"product_tag":[],"class_list":{"0":"post-9697","1":"product","2":"type-product","3":"status-publish","4":"has-post-thumbnail","6":"product_brand-daylong","7":"product_cat-solaire","9":"first","10":"instock","11":"shipping-taxable","12":"purchasable","13":"product-type-simple"},"aioseo_notices":[],"_links":{"self":[{"href":"https:\/\/paraklik.tn\/index.php?rest_route=\/wp\/v2\/product\/9697","targetHints":{"allow":["GET"]}}],"collection":[{"href":"https:\/\/paraklik.tn\/index.php?rest_route=\/wp\/v2\/product"}],"about":[{"href":"https:\/\/paraklik.tn\/index.php?rest_route=\/wp\/v2\/types\/product"}],"replies":[{"embeddable":true,"href":"https:\/\/paraklik.tn\/index.php?rest_route=%2Fwp%2Fv2%2Fcomments&post=9697"}],"wp:featuredmedia":[{"embeddable":true,"href":"https:\/\/paraklik.tn\/index.php?rest_route=\/wp\/v2\/media\/9691"}],"wp:attachment":[{"href":"https:\/\/paraklik.tn\/index.php?rest_route=%2Fwp%2Fv2%2Fmedia&parent=9697"}],"wp:term":[{"taxonomy":"product_brand","embeddable":true,"href":"https:\/\/paraklik.tn\/index.php?rest_route=%2Fwp%2Fv2%2Fproduct_brand&post=9697"},{"taxonomy":"product_cat","embeddable":true,"href":"https:\/\/paraklik.tn\/index.php?rest_route=%2Fwp%2Fv2%2Fproduct_cat&post=9697"},{"taxonomy":"product_tag","embeddable":true,"href":"https:\/\/paraklik.tn\/index.php?rest_route=%2Fwp%2Fv2%2Fproduct_tag&post=9697"}],"curies":[{"name":"wp","href":"https:\/\/api.w.org\/{rel}","templated":true}]}}