{"id":9696,"date":"2026-04-13T12:56:18","date_gmt":"2026-04-13T11:56:18","guid":{"rendered":"http:\/\/paraklik.tn\/?post_type=product&#038;p=9696"},"modified":"2026-04-13T12:56:18","modified_gmt":"2026-04-13T11:56:18","slug":"daylong-extreme-lotion-solaire-spf50-200ml","status":"publish","type":"product","link":"https:\/\/paraklik.tn\/?product=daylong-extreme-lotion-solaire-spf50-200ml","title":{"rendered":"Daylong Extr\u00eame Lotion Solaire SPF50+ 200ml"},"content":{"rendered":"<p><strong>Daylong Extreme Lait Solaire Liposomal SPF50+ 200 ml<\/strong>\u00a0est une tr\u00e8s haute\u00a0<a href=\"https:\/\/www.maparatunisie.tn\/categorie-produit\/solaire\/\">protection solaire<\/a>, r\u00e9sistante \u00e0 l\u2019eau, pour les peaux extr\u00eamement sensibles au soleil et les expositions extr\u00eames aux UV (montagne, tropiques, etc).<\/p>\n<p>Sous forme de lait, cette protection est facile \u00e0 \u00e9taler et nourrit la peau gr\u00e2ce \u00e0 l\u2019aloe vera et la vitamine E. Elle est efficace gr\u00e2ce aux filtres UV photo-stables qui offrent une protection contre les UVA et les UVB.<\/p>\n<p>Test\u00e9 sous contr\u00f4le dermatologique. Sans conservateur ajout\u00e9, sans parfum.<\/p>\n<p><strong>CONSEIL D\u2019UTILISATION<\/strong><\/p>\n<p>Eviter le soleil intense de midi. Appliquer avant l\u2019exposition solaire, et r\u00e9-appliquer r\u00e9guli\u00e8rement pour maintenir la protection.<\/p>\n<p><strong>Indication :<\/strong>\u00a0Tr\u00e8s haute protection solaire pour tous.<\/p>\n<p><strong>COMPOSITION<\/strong><\/p>\n<p>Aqua, Ethylhexyl Salicylate, Methylene Bis-Benzotriazoyl Tetramethylbutylphenol (Nano), Bis-Ethylhexyloxyphenol Methoxyphenyl Triazine, Diethylhexyl Butamido Triazone, Butyl Methoxydibenzoylmethane, C12-15 Alkyl Benzoate, Bibutyl Adipate, Pentylene Glycol, Acohol, Sorbitol, Dimethicone, Cetyl Phosphate, Cetyl Alcohol, Triethanolamine, Tocopherol, Decyl Glucoside, Lecithin, Acrylic Acid\/VP Copolymer, Propylene Glycol, Xanthan Gum, Aloe Barbadensis Leaf Juice Powder.<\/p>\n","protected":false},"excerpt":{"rendered":"<p>Daylong Extreme SPF50+ Lait Solaire Liposomal 200ml est une cr\u00e8me solaire sous forme de lait qui offre une protection maximale contre les rayons UV.<\/p>\n","protected":false},"featured_media":9695,"comment_status":"open","ping_status":"closed","template":"","meta":{"inline_featured_image":false,"_monsterinsights_skip_tracking":false,"_monsterinsights_sitenote_active":false,"_monsterinsights_sitenote_note":"","_monsterinsights_sitenote_category":0},"product_brand":[363],"product_cat":[983],"product_tag":[],"class_list":{"0":"post-9696","1":"product","2":"type-product","3":"status-publish","4":"has-post-thumbnail","6":"product_brand-daylong","7":"product_cat-solaire","9":"first","10":"instock","11":"shipping-taxable","12":"purchasable","13":"product-type-simple"},"aioseo_notices":[],"_links":{"self":[{"href":"https:\/\/paraklik.tn\/index.php?rest_route=\/wp\/v2\/product\/9696","targetHints":{"allow":["GET"]}}],"collection":[{"href":"https:\/\/paraklik.tn\/index.php?rest_route=\/wp\/v2\/product"}],"about":[{"href":"https:\/\/paraklik.tn\/index.php?rest_route=\/wp\/v2\/types\/product"}],"replies":[{"embeddable":true,"href":"https:\/\/paraklik.tn\/index.php?rest_route=%2Fwp%2Fv2%2Fcomments&post=9696"}],"wp:featuredmedia":[{"embeddable":true,"href":"https:\/\/paraklik.tn\/index.php?rest_route=\/wp\/v2\/media\/9695"}],"wp:attachment":[{"href":"https:\/\/paraklik.tn\/index.php?rest_route=%2Fwp%2Fv2%2Fmedia&parent=9696"}],"wp:term":[{"taxonomy":"product_brand","embeddable":true,"href":"https:\/\/paraklik.tn\/index.php?rest_route=%2Fwp%2Fv2%2Fproduct_brand&post=9696"},{"taxonomy":"product_cat","embeddable":true,"href":"https:\/\/paraklik.tn\/index.php?rest_route=%2Fwp%2Fv2%2Fproduct_cat&post=9696"},{"taxonomy":"product_tag","embeddable":true,"href":"https:\/\/paraklik.tn\/index.php?rest_route=%2Fwp%2Fv2%2Fproduct_tag&post=9696"}],"curies":[{"name":"wp","href":"https:\/\/api.w.org\/{rel}","templated":true}]}}